{"id":399,"date":"2020-11-10T10:11:26","date_gmt":"2020-11-10T10:11:26","guid":{"rendered":"https:\/\/eomed.org\/fr\/?page_id=399"},"modified":"2021-12-11T17:42:17","modified_gmt":"2021-12-11T17:42:17","slug":"communautes-thematiques","status":"publish","type":"page","link":"https:\/\/eomed.org\/fr\/communautes-thematiques\/","title":{"rendered":"Communaut\u00e9s Th\u00e9matiques"},"content":{"rendered":"\n<h2 class=\"wp-block-heading\">Introduction<\/h2>\n\n\n\n<p>Le projet Espace Num\u00e9rique pour la M\u00e9diterran\u00e9e (e-OMED) a pour objectif principal la construction, \u00e0 l\u2019\u00e9chelle des pays de la M\u00e9diterran\u00e9e, d\u2019une communaut\u00e9 de savoir qui mutualise et valorise des ressources num\u00e9riques, exp\u00e9riences, et m\u00e9thodes afin de d\u00e9velopper l\u2019utilisation des technologies de l\u2019information et de la communication pour la culture, la formation, la recherche et l\u2019innovation. e-OMED prend appui sur des r\u00e9seaux th\u00e9matiques f\u00e9d\u00e9rateurs, baptis\u00e9s Communaut\u00e9s Th\u00e9matiques, qui \u0153uvrent dans la perspective de :<\/p>\n\n\n\n<ul class=\"wp-block-list\"><li>regrouper des partenaires de diff\u00e9rents pays int\u00e9ress\u00e9s par un m\u00eame type d\u2019action, d\u2019outil, de discipline, de d\u00e9marche p\u00e9dagogique, \u2026,<\/li><li>promouvoir les usages,<\/li><li>sugg\u00e9rer des m\u00e9canismes qui permettront aux organismes partenaires (Universit\u00e9s virtuelles, Universit\u00e9s, autres types de partenaires) de lancer des actions et appels \u00e0 projets coh\u00e9rents avec les objectifs d\u2019eOMED,<\/li><li>d\u00e9velopper le r\u00e9seau des partenaires dans le domaine consid\u00e9r\u00e9,<\/li><li>identifier les ressources \u00e0 adapter, \u00e0 d\u00e9velopper et \u00e0 co-d\u00e9velopper,<\/li><li>convenir des termes de mutualisation qui corroborent les principes d\u2019ouverture et de partage pr\u00f4n\u00e9s par e-OMED et qui respectent les droits d\u2019auteur,<\/li><li>adapter les ressources \u00e0 divers environnements culturels et linguistiques (traductions),<\/li><li>former les personnes ressources,<\/li><\/ul>\n","protected":false},"excerpt":{"rendered":"<p>Introduction Le projet Espace Num\u00e9rique pour la M\u00e9diterran\u00e9e (e-OMED) a pour objectif principal la construction, \u00e0 l\u2019\u00e9chelle des pays de la M\u00e9diterran\u00e9e, d\u2019une communaut\u00e9 de savoir qui mutualise et valorise des ressources num\u00e9riques, exp\u00e9riences, et m\u00e9thodes afin de d\u00e9velopper l\u2019utilisation des technologies de l\u2019information et de la communication pour la culture, la formation, la recherche &hellip; <\/p>\n<p class=\"link-more\"><a href=\"https:\/\/eomed.org\/fr\/communautes-thematiques\/\" class=\"more-link\">Continue reading<span class=\"screen-reader-text\"> &#8220;Communaut\u00e9s Th\u00e9matiques&#8221;<\/span><\/a><\/p>\n","protected":false},"author":1,"featured_media":0,"parent":0,"menu_order":0,"comment_status":"closed","ping_status":"closed","template":"","meta":{"_acf_changed":false,"footnotes":""},"class_list":["post-399","page","type-page","status-publish","hentry","entry"],"acf":[],"featured_image_src":null,"_links":{"self":[{"href":"https:\/\/eomed.org\/fr\/wp-json\/wp\/v2\/pages\/399","targetHints":{"allow":["GET"]}}],"collection":[{"href":"https:\/\/eomed.org\/fr\/wp-json\/wp\/v2\/pages"}],"about":[{"href":"https:\/\/eomed.org\/fr\/wp-json\/wp\/v2\/types\/page"}],"author":[{"embeddable":true,"href":"https:\/\/eomed.org\/fr\/wp-json\/wp\/v2\/users\/1"}],"replies":[{"embeddable":true,"href":"https:\/\/eomed.org\/fr\/wp-json\/wp\/v2\/comments?post=399"}],"version-history":[{"count":2,"href":"https:\/\/eomed.org\/fr\/wp-json\/wp\/v2\/pages\/399\/revisions"}],"predecessor-version":[{"id":547,"href":"https:\/\/eomed.org\/fr\/wp-json\/wp\/v2\/pages\/399\/revisions\/547"}],"wp:attachment":[{"href":"https:\/\/eomed.org\/fr\/wp-json\/wp\/v2\/media?parent=399"}],"curies":[{"name":"wp","href":"https:\/\/api.w.org\/{rel}","templated":true}]}}