{"id":435,"date":"2020-11-10T12:03:21","date_gmt":"2020-11-10T12:03:21","guid":{"rendered":"https:\/\/eomed.org\/fr\/?page_id=435"},"modified":"2021-12-11T21:05:44","modified_gmt":"2021-12-11T21:05:44","slug":"sante","status":"publish","type":"page","link":"https:\/\/eomed.org\/fr\/communautes-thematiques\/sante\/","title":{"rendered":"Sant\u00e9"},"content":{"rendered":"\n<h2 class=\"wp-block-heading\">Introduction<\/h2>\n\n\n\n<p>Toutes les activit\u00e9s du groupe th\u00e9matique sur la sant\u00e9 sotn regroup\u00e9es ici. <\/p>\n\n\n\n<h2 class=\"wp-block-heading\">Contact<\/h2>\n\n\n\n<ul class=\"wp-block-list\"><li>Adel Ben Taziri \u2013 Universit\u00e9 Virtuelle de Tunis \u00a0: <a href=\"mailto:bentaziri@uvt.tn\">bentaziri@uvt.tn<\/a><\/li><\/ul>\n\n\n\n<h2 class=\"wp-block-heading\">Documents en ligne<\/h2>\n\n\n\n<ul class=\"wp-block-list\"><li>Programme du workshop sur <strong>les comp\u00e9tences num\u00e9riques en m\u00e9tiers de la sant\u00e9<\/strong>, les 19-20 juin 2014 &#8211; Hammamet, Tunisie. (link\u00a0: <a rel=\"noreferrer noopener\" aria-label=\"Workshop Num\u00e9rique Sant\u00e9-Hammamet-19-20juin2014.pdf (opens in a new tab)\" href=\"https:\/\/eomed.org\/wp-content\/uploads\/2020\/09\/Workshop-Num%C3%A9rique-Sant%C3%A9-Hammamet-19-20juin2014_doc7.pdf\" target=\"_blank\">Workshop<\/a><strong><a rel=\"noreferrer noopener\" aria-label=\"Workshop Num\u00e9rique Sant\u00e9-Hammamet-19-20juin2014.pdf (opens in a new tab)\" href=\"https:\/\/eomed.org\/wp-content\/uploads\/2020\/09\/Workshop-Num%C3%A9rique-Sant%C3%A9-Hammamet-19-20juin2014_doc7.pdf\" target=\"_blank\"> <\/a><\/strong><a rel=\"noreferrer noopener\" aria-label=\"Workshop Num\u00e9rique Sant\u00e9-Hammamet-19-20juin2014.pdf (opens in a new tab)\" href=\"https:\/\/eomed.org\/wp-content\/uploads\/2020\/09\/Workshop-Num%C3%A9rique-Sant%C3%A9-Hammamet-19-20juin2014_doc7.pdf\" target=\"_blank\">Num\u00e9rique Sant\u00e9-Hammamet-19-20juin2014.pdf<\/a> + <a class=\"fancybox image\" href=\"https:\/\/eomed.org\/wp-content\/uploads\/2020\/09\/image-2-1.jpg\"><img decoding=\"async\" class=\"fancybox img\" src=\"https:\/\/eomed.org\/fr\/wp-content\/uploads\/sites\/2\/2020\/11\/image.jpg\"><\/a>)<\/li><\/ul>\n","protected":false},"excerpt":{"rendered":"<p>Introduction Toutes les activit\u00e9s du groupe th\u00e9matique sur la sant\u00e9 sotn regroup\u00e9es ici. Contact Adel Ben Taziri \u2013 Universit\u00e9 Virtuelle de Tunis \u00a0: bentaziri@uvt.tn Documents en ligne Programme du workshop sur les comp\u00e9tences num\u00e9riques en m\u00e9tiers de la sant\u00e9, les 19-20 juin 2014 &#8211; Hammamet, Tunisie. (link\u00a0: Workshop Num\u00e9rique Sant\u00e9-Hammamet-19-20juin2014.pdf + )<\/p>\n","protected":false},"author":1,"featured_media":0,"parent":399,"menu_order":1,"comment_status":"closed","ping_status":"closed","template":"","meta":{"_acf_changed":false,"footnotes":""},"class_list":["post-435","page","type-page","status-publish","hentry","entry"],"acf":[],"featured_image_src":null,"_links":{"self":[{"href":"https:\/\/eomed.org\/fr\/wp-json\/wp\/v2\/pages\/435","targetHints":{"allow":["GET"]}}],"collection":[{"href":"https:\/\/eomed.org\/fr\/wp-json\/wp\/v2\/pages"}],"about":[{"href":"https:\/\/eomed.org\/fr\/wp-json\/wp\/v2\/types\/page"}],"author":[{"embeddable":true,"href":"https:\/\/eomed.org\/fr\/wp-json\/wp\/v2\/users\/1"}],"replies":[{"embeddable":true,"href":"https:\/\/eomed.org\/fr\/wp-json\/wp\/v2\/comments?post=435"}],"version-history":[{"count":10,"href":"https:\/\/eomed.org\/fr\/wp-json\/wp\/v2\/pages\/435\/revisions"}],"predecessor-version":[{"id":553,"href":"https:\/\/eomed.org\/fr\/wp-json\/wp\/v2\/pages\/435\/revisions\/553"}],"up":[{"embeddable":true,"href":"https:\/\/eomed.org\/fr\/wp-json\/wp\/v2\/pages\/399"}],"wp:attachment":[{"href":"https:\/\/eomed.org\/fr\/wp-json\/wp\/v2\/media?parent=435"}],"curies":[{"name":"wp","href":"https:\/\/api.w.org\/{rel}","templated":true}]}}