{"id":445,"date":"2020-11-10T12:18:26","date_gmt":"2020-11-10T12:18:26","guid":{"rendered":"https:\/\/eomed.org\/fr\/?page_id=445"},"modified":"2021-12-11T21:08:05","modified_gmt":"2021-12-11T21:08:05","slug":"environnement-et-developpement-durable","status":"publish","type":"page","link":"https:\/\/eomed.org\/fr\/communautes-thematiques\/environnement-et-developpement-durable\/","title":{"rendered":"Environnement et D\u00e9veloppement Durable"},"content":{"rendered":"\n<h2 class=\"wp-block-heading\">Introduction<\/h2>\n\n\n\n<p>La\nCommunaut\u00e9 th\u00e9matique \u00ab&nbsp;Environnement et D\u00e9veloppement Durable&nbsp;\u00bb a\ntenu sa premi\u00e8re r\u00e9union les 19 et 20 mai 2011 \u00e0 Montpellier, en France. Elle a\nrassembl\u00e9 toutes les activit\u00e9s li\u00e9es \u00e0 l&#8217;utilisation des outils num\u00e9riques dans\nle domaine de l&#8217;environnement, du d\u00e9veloppement durable et de la g\u00e9omatique. <\/p>\n\n\n\n<h2 class=\"wp-block-heading\">Contact<\/h2>\n\n\n\n<ul class=\"wp-block-list\"><li>Fran\u00e7ois Henn&nbsp;: <a href=\"mailto:francois.henn@umontpellier.fr\">francois.henn@umontpellier.fr<\/a><\/li><\/ul>\n\n\n\n<h2 class=\"wp-block-heading\">Documents en ligne<\/h2>\n\n\n\n<ul class=\"wp-block-list\"><li>Partenariat avec \u00a0Ecole Nationale Sup\u00e9rieure de G\u00e9ographie dans le domaine de la g\u00e9omatique \u00a0(link\u00a0: <a rel=\"noreferrer noopener\" aria-label=\" (opens in a new tab)\" href=\"http:\/\/www.ensg.eu\/Certificat-Superieur-Geomatique-et-Applications-CSGA\" target=\"_blank\">http:\/\/www.ensg.eu\/Certificat-Superieur-Geomatique-et-Applications-CSGA<\/a>)<\/li><\/ul>\n","protected":false},"excerpt":{"rendered":"<p>Introduction La Communaut\u00e9 th\u00e9matique \u00ab&nbsp;Environnement et D\u00e9veloppement Durable&nbsp;\u00bb a tenu sa premi\u00e8re r\u00e9union les 19 et 20 mai 2011 \u00e0 Montpellier, en France. Elle a rassembl\u00e9 toutes les activit\u00e9s li\u00e9es \u00e0 l&#8217;utilisation des outils num\u00e9riques dans le domaine de l&#8217;environnement, du d\u00e9veloppement durable et de la g\u00e9omatique. Contact Fran\u00e7ois Henn&nbsp;: francois.henn@umontpellier.fr Documents en ligne Partenariat &hellip; <\/p>\n<p class=\"link-more\"><a href=\"https:\/\/eomed.org\/fr\/communautes-thematiques\/environnement-et-developpement-durable\/\" class=\"more-link\">Continue reading<span class=\"screen-reader-text\"> &#8220;Environnement et D\u00e9veloppement Durable&#8221;<\/span><\/a><\/p>\n","protected":false},"author":1,"featured_media":0,"parent":399,"menu_order":2,"comment_status":"closed","ping_status":"closed","template":"","meta":{"_acf_changed":false,"footnotes":""},"class_list":["post-445","page","type-page","status-publish","hentry","entry"],"acf":[],"featured_image_src":null,"_links":{"self":[{"href":"https:\/\/eomed.org\/fr\/wp-json\/wp\/v2\/pages\/445","targetHints":{"allow":["GET"]}}],"collection":[{"href":"https:\/\/eomed.org\/fr\/wp-json\/wp\/v2\/pages"}],"about":[{"href":"https:\/\/eomed.org\/fr\/wp-json\/wp\/v2\/types\/page"}],"author":[{"embeddable":true,"href":"https:\/\/eomed.org\/fr\/wp-json\/wp\/v2\/users\/1"}],"replies":[{"embeddable":true,"href":"https:\/\/eomed.org\/fr\/wp-json\/wp\/v2\/comments?post=445"}],"version-history":[{"count":6,"href":"https:\/\/eomed.org\/fr\/wp-json\/wp\/v2\/pages\/445\/revisions"}],"predecessor-version":[{"id":555,"href":"https:\/\/eomed.org\/fr\/wp-json\/wp\/v2\/pages\/445\/revisions\/555"}],"up":[{"embeddable":true,"href":"https:\/\/eomed.org\/fr\/wp-json\/wp\/v2\/pages\/399"}],"wp:attachment":[{"href":"https:\/\/eomed.org\/fr\/wp-json\/wp\/v2\/media?parent=445"}],"curies":[{"name":"wp","href":"https:\/\/api.w.org\/{rel}","templated":true}]}}