{"id":456,"date":"2020-11-11T08:27:35","date_gmt":"2020-11-11T08:27:35","guid":{"rendered":"https:\/\/eomed.org\/fr\/?page_id=456"},"modified":"2021-12-11T21:33:25","modified_gmt":"2021-12-11T21:33:25","slug":"histoire-euro-mediterraneenne","status":"publish","type":"page","link":"https:\/\/eomed.org\/fr\/communautes-thematiques\/histoire-euro-mediterraneenne\/","title":{"rendered":"Histoire Euro-Mediterran\u00e9enne"},"content":{"rendered":"\n<h2 class=\"wp-block-heading\">Introduction<\/h2>\n\n\n\n<p>Convaincue\nde la pertinence d&#8217;une action scientifique et p\u00e9dagogique commune, et soutenue\npar les membres de leurs \u00e9quipes et institutions respectives, cette communaut\u00e9\ntravaille \u00e0 la r\u00e9alisation de modules d&#8217;enseignement num\u00e9rique dans le cadre de\nl&#8217;Histoire euro-m\u00e9diterran\u00e9enne.<\/p>\n\n\n\n<h2 class=\"wp-block-heading\">Contact<\/h2>\n\n\n\n<ul class=\"wp-block-list\"><li>Vincent Villemin \u2013 Le Mans Universit\u00e9&nbsp;&#8211; email&nbsp;: <a href=\"mailto:vincent.vilmain@univ-lemans.fr\">vincent.vilmain@univ-lemans.fr<\/a><\/li><\/ul>\n\n\n\n<h2 class=\"wp-block-heading\">Document en ligne<\/h2>\n\n\n\n<ul class=\"wp-block-list\"><li>Website of the HEMED community (link : <a href=\"http:\/\/hemed.univ-lemans.fr\/le-projet\/\" target=\"_blank\" rel=\"noreferrer noopener\" aria-label=\" (opens in a new tab)\">http:\/\/hemed.univ-lemans.fr\/le-projet\/<\/a>)<\/li><\/ul>\n","protected":false},"excerpt":{"rendered":"<p>Introduction Convaincue de la pertinence d&#8217;une action scientifique et p\u00e9dagogique commune, et soutenue par les membres de leurs \u00e9quipes et institutions respectives, cette communaut\u00e9 travaille \u00e0 la r\u00e9alisation de modules d&#8217;enseignement num\u00e9rique dans le cadre de l&#8217;Histoire euro-m\u00e9diterran\u00e9enne. Contact Vincent Villemin \u2013 Le Mans Universit\u00e9&nbsp;&#8211; email&nbsp;: vincent.vilmain@univ-lemans.fr Document en ligne Website of the HEMED community &hellip; <\/p>\n<p class=\"link-more\"><a href=\"https:\/\/eomed.org\/fr\/communautes-thematiques\/histoire-euro-mediterraneenne\/\" class=\"more-link\">Continue reading<span class=\"screen-reader-text\"> &#8220;Histoire Euro-Mediterran\u00e9enne&#8221;<\/span><\/a><\/p>\n","protected":false},"author":1,"featured_media":0,"parent":399,"menu_order":3,"comment_status":"closed","ping_status":"closed","template":"","meta":{"_acf_changed":false,"footnotes":""},"class_list":["post-456","page","type-page","status-publish","hentry","entry"],"acf":[],"featured_image_src":null,"_links":{"self":[{"href":"https:\/\/eomed.org\/fr\/wp-json\/wp\/v2\/pages\/456","targetHints":{"allow":["GET"]}}],"collection":[{"href":"https:\/\/eomed.org\/fr\/wp-json\/wp\/v2\/pages"}],"about":[{"href":"https:\/\/eomed.org\/fr\/wp-json\/wp\/v2\/types\/page"}],"author":[{"embeddable":true,"href":"https:\/\/eomed.org\/fr\/wp-json\/wp\/v2\/users\/1"}],"replies":[{"embeddable":true,"href":"https:\/\/eomed.org\/fr\/wp-json\/wp\/v2\/comments?post=456"}],"version-history":[{"count":4,"href":"https:\/\/eomed.org\/fr\/wp-json\/wp\/v2\/pages\/456\/revisions"}],"predecessor-version":[{"id":556,"href":"https:\/\/eomed.org\/fr\/wp-json\/wp\/v2\/pages\/456\/revisions\/556"}],"up":[{"embeddable":true,"href":"https:\/\/eomed.org\/fr\/wp-json\/wp\/v2\/pages\/399"}],"wp:attachment":[{"href":"https:\/\/eomed.org\/fr\/wp-json\/wp\/v2\/media?parent=456"}],"curies":[{"name":"wp","href":"https:\/\/api.w.org\/{rel}","templated":true}]}}