{"id":461,"date":"2020-11-11T08:33:22","date_gmt":"2020-11-11T08:33:22","guid":{"rendered":"https:\/\/eomed.org\/fr\/?page_id=461"},"modified":"2021-12-11T21:35:54","modified_gmt":"2021-12-11T21:35:54","slug":"economy-management-et-entreprenariat","status":"publish","type":"page","link":"https:\/\/eomed.org\/fr\/communautes-thematiques\/economy-management-et-entreprenariat\/","title":{"rendered":"Economie, Management et Entreprenariat"},"content":{"rendered":"\n<h2 class=\"wp-block-heading\">Introduction<\/h2>\n\n\n\n<p>Cette communaut\u00e9 r\u00e9sulte de la fusion de deux communaut\u00e9s:&nbsp; &#8220;Entrepreneuriat et innovation&#8221; cr\u00e9\u00e9e en 2011 et &#8220;\u00c9conomie et gestion&#8221; cr\u00e9\u00e9e en 2013. Compos\u00e9e d&#8217;institutions et d&#8217;experts ayant d\u00e9j\u00e0 men\u00e9 des projets mobilisateurs et f\u00e9d\u00e9rateurs dans ces domaines, cette communaut\u00e9 vise \u00e0: <\/p>\n\n\n\n<ul class=\"wp-block-list\"><li>R\u00e9aliser des \u00e9conomies d&#8217;\u00e9chelle par la mise en commun et le partage d&#8217;exp\u00e9riences ;<\/li><li>Fournir aux enseignants des ressources de qualit\u00e9 valid\u00e9es par les institutions ;<\/li><li>Contribuer \u00e0 l&#8217;actualisation des connaissances des formateurs.<\/li><\/ul>\n\n\n\n<h2 class=\"wp-block-heading\">Contacts<\/h2>\n\n\n\n<ul class=\"wp-block-list\"><li>Molka Bel Cadhi \u2013 Universit\u00e9 Virtuelle de\nTunis-&nbsp;email : <a href=\"mailto:molka.belcadhi@uvt.tn\">molka.belcadhi@uvt.tn<\/a><\/li><li>Herv\u00e9 Chappert \u2013 Universit\u00e9 de\nMontpellier-&nbsp;email: <a href=\"mailto:herve.chappert@umontpellier.fr\">herve.chappert@umontpellier.fr<\/a><\/li><\/ul>\n\n\n\n<h2 class=\"wp-block-heading\">Documents en ligne<\/h2>\n\n\n\n<ul class=\"wp-block-list\"><li>Compte-rendu de la r\u00e9union du 30 Janvier 2015 &#8211; Paris, France. (link: <a rel=\"noreferrer noopener\" aria-label=\"Compte rendu CT Economie et Gestion-Paris-30janvier2015.pdf (opens in a new tab)\" href=\"https:\/\/eomed.org\/wp-content\/uploads\/2020\/09\/Compte-rendu-CT-Economie-et-Gestion-Paris-30janvier2015_doc8.pdf\" target=\"_blank\">Compte rendu CT Economie et Gestion-Paris-30janvier2015.pdf<\/a>) <\/li><li>Compte-rendu de la r\u00e9union du 24 novembre 2014 &#8211; Paris, France. (link: <a rel=\"noreferrer noopener\" aria-label=\"R\u00e9union CT Economie et Gestion-Paris-24nov2014.pdf (opens in a new tab)\" href=\"https:\/\/eomed.org\/wp-content\/uploads\/2020\/09\/R%C3%A9union-CT-Economie-et-Gestion-Paris-24nov2014_doc9.pdf\" target=\"_blank\">R\u00e9union CT Economie et Gestion-Paris-24nov2014.pdf<\/a>) <\/li><li>Compte-rendu de la r\u00e9union du 13 juin 2013 &#8211; F\u00e8s, Maroc. (link: <a rel=\"noreferrer noopener\" aria-label=\"Compte rendu CT Economie et Gestion-F\u00e8s-13juin2013.pdf (opens in a new tab)\" href=\"https:\/\/eomed.org\/wp-content\/uploads\/2020\/09\/Compte-rendu-CT-Economie-et-Gestion-F%C3%A8s-13juin2013.pdf_doc10.pdf\" target=\"_blank\">Compte rendu CT Economie et Gestion-F\u00e8s-13juin2013.pdf<\/a>) <\/li><li>Agenda de la communaut\u00e9 th\u00e9matique, 12 Janvier 2011 &#8211; Toulon, France. &nbsp;(link: <a href=\"https:\/\/eomed.org\/wp-content\/uploads\/2020\/09\/R%C3%A9union-CT-Innovation-et-entrepreneuriat-Toulon-12janv2011_doc11.pdf\" target=\"_blank\" rel=\"noreferrer noopener\" aria-label=\"R\u00e9union CT Innovation et entrepreneuriat-Toulon-12janv2011.pdf (opens in a new tab)\">R\u00e9union CT Innovation et entrepreneuriat-Toulon-12janv2011.pdf<\/a>)<\/li><\/ul>\n\n\n\n<p><\/p>\n","protected":false},"excerpt":{"rendered":"<p>Introduction Cette communaut\u00e9 r\u00e9sulte de la fusion de deux communaut\u00e9s:&nbsp; &#8220;Entrepreneuriat et innovation&#8221; cr\u00e9\u00e9e en 2011 et &#8220;\u00c9conomie et gestion&#8221; cr\u00e9\u00e9e en 2013. Compos\u00e9e d&#8217;institutions et d&#8217;experts ayant d\u00e9j\u00e0 men\u00e9 des projets mobilisateurs et f\u00e9d\u00e9rateurs dans ces domaines, cette communaut\u00e9 vise \u00e0: R\u00e9aliser des \u00e9conomies d&#8217;\u00e9chelle par la mise en commun et le partage d&#8217;exp\u00e9riences &hellip; <\/p>\n<p class=\"link-more\"><a href=\"https:\/\/eomed.org\/fr\/communautes-thematiques\/economy-management-et-entreprenariat\/\" class=\"more-link\">Continue reading<span class=\"screen-reader-text\"> &#8220;Economie, Management et Entreprenariat&#8221;<\/span><\/a><\/p>\n","protected":false},"author":1,"featured_media":0,"parent":399,"menu_order":4,"comment_status":"closed","ping_status":"closed","template":"","meta":{"_acf_changed":false,"footnotes":""},"class_list":["post-461","page","type-page","status-publish","hentry","entry"],"acf":[],"featured_image_src":null,"_links":{"self":[{"href":"https:\/\/eomed.org\/fr\/wp-json\/wp\/v2\/pages\/461","targetHints":{"allow":["GET"]}}],"collection":[{"href":"https:\/\/eomed.org\/fr\/wp-json\/wp\/v2\/pages"}],"about":[{"href":"https:\/\/eomed.org\/fr\/wp-json\/wp\/v2\/types\/page"}],"author":[{"embeddable":true,"href":"https:\/\/eomed.org\/fr\/wp-json\/wp\/v2\/users\/1"}],"replies":[{"embeddable":true,"href":"https:\/\/eomed.org\/fr\/wp-json\/wp\/v2\/comments?post=461"}],"version-history":[{"count":5,"href":"https:\/\/eomed.org\/fr\/wp-json\/wp\/v2\/pages\/461\/revisions"}],"predecessor-version":[{"id":558,"href":"https:\/\/eomed.org\/fr\/wp-json\/wp\/v2\/pages\/461\/revisions\/558"}],"up":[{"embeddable":true,"href":"https:\/\/eomed.org\/fr\/wp-json\/wp\/v2\/pages\/399"}],"wp:attachment":[{"href":"https:\/\/eomed.org\/fr\/wp-json\/wp\/v2\/media?parent=461"}],"curies":[{"name":"wp","href":"https:\/\/api.w.org\/{rel}","templated":true}]}}