{"id":478,"date":"2020-11-11T09:17:38","date_gmt":"2020-11-11T09:17:38","guid":{"rendered":"https:\/\/eomed.org\/fr\/?page_id=478"},"modified":"2021-12-11T21:38:20","modified_gmt":"2021-12-11T21:38:20","slug":"linguistique","status":"publish","type":"page","link":"https:\/\/eomed.org\/fr\/communautes-thematiques\/linguistique\/","title":{"rendered":"Linguistique"},"content":{"rendered":"\n<h2 class=\"wp-block-heading\">Introduction<\/h2>\n\n\n\n<p>Cette\nnouvelle communaut\u00e9 vise \u00e0 d\u00e9velopper des ressources consacr\u00e9es \u00e0 &nbsp;l&#8217;enseignement des langues, en participant \u00e0\nla production d&#8217;outils num\u00e9riques et en renfor\u00e7ant l&#8217;expertise des enseignants\npour concevoir des modules. Le premier projet lanc\u00e9 par cette communaut\u00e9\nth\u00e9matique est la production d&#8217;un module intitul\u00e9 &#8220;Enseignement de l&#8217;arabe\naux non natifs&#8221;.<\/p>\n\n\n\n<h2 class=\"wp-block-heading\">Contact<\/h2>\n\n\n\n<ul class=\"wp-block-list\"><li>Imad Hodali \u2013 Al Quds Open University &#8211;&nbsp;email: <a href=\"mailto:ihodali@qou.edu\">ihodali@qou.edu<\/a><\/li><\/ul>\n\n\n\n<h2 class=\"wp-block-heading\">Documents en ligne<\/h2>\n\n\n\n<ul class=\"wp-block-list\"><li><em>Teaching Arabic to Non Native Speakers<\/em> (link: <a rel=\"noreferrer noopener\" aria-label=\" (opens in a new tab)\" href=\"https:\/\/cec.qou.edu\/en\/implemented-projects\/\" target=\"_blank\">https:\/\/cec.qou.edu\/en\/implemented-projects\/)<\/a><\/li><\/ul>\n","protected":false},"excerpt":{"rendered":"<p>Introduction Cette nouvelle communaut\u00e9 vise \u00e0 d\u00e9velopper des ressources consacr\u00e9es \u00e0 &nbsp;l&#8217;enseignement des langues, en participant \u00e0 la production d&#8217;outils num\u00e9riques et en renfor\u00e7ant l&#8217;expertise des enseignants pour concevoir des modules. Le premier projet lanc\u00e9 par cette communaut\u00e9 th\u00e9matique est la production d&#8217;un module intitul\u00e9 &#8220;Enseignement de l&#8217;arabe aux non natifs&#8221;. Contact Imad Hodali \u2013 &hellip; <\/p>\n<p class=\"link-more\"><a href=\"https:\/\/eomed.org\/fr\/communautes-thematiques\/linguistique\/\" class=\"more-link\">Continue reading<span class=\"screen-reader-text\"> &#8220;Linguistique&#8221;<\/span><\/a><\/p>\n","protected":false},"author":1,"featured_media":0,"parent":399,"menu_order":6,"comment_status":"closed","ping_status":"closed","template":"","meta":{"_acf_changed":false,"footnotes":""},"class_list":["post-478","page","type-page","status-publish","hentry","entry"],"acf":[],"featured_image_src":null,"_links":{"self":[{"href":"https:\/\/eomed.org\/fr\/wp-json\/wp\/v2\/pages\/478","targetHints":{"allow":["GET"]}}],"collection":[{"href":"https:\/\/eomed.org\/fr\/wp-json\/wp\/v2\/pages"}],"about":[{"href":"https:\/\/eomed.org\/fr\/wp-json\/wp\/v2\/types\/page"}],"author":[{"embeddable":true,"href":"https:\/\/eomed.org\/fr\/wp-json\/wp\/v2\/users\/1"}],"replies":[{"embeddable":true,"href":"https:\/\/eomed.org\/fr\/wp-json\/wp\/v2\/comments?post=478"}],"version-history":[{"count":4,"href":"https:\/\/eomed.org\/fr\/wp-json\/wp\/v2\/pages\/478\/revisions"}],"predecessor-version":[{"id":560,"href":"https:\/\/eomed.org\/fr\/wp-json\/wp\/v2\/pages\/478\/revisions\/560"}],"up":[{"embeddable":true,"href":"https:\/\/eomed.org\/fr\/wp-json\/wp\/v2\/pages\/399"}],"wp:attachment":[{"href":"https:\/\/eomed.org\/fr\/wp-json\/wp\/v2\/media?parent=478"}],"curies":[{"name":"wp","href":"https:\/\/api.w.org\/{rel}","templated":true}]}}