{"id":483,"date":"2020-11-11T09:25:18","date_gmt":"2020-11-11T09:25:18","guid":{"rendered":"https:\/\/eomed.org\/fr\/?page_id=483"},"modified":"2020-11-11T09:31:45","modified_gmt":"2020-11-11T09:31:45","slug":"texte-dintroduction","status":"publish","type":"page","link":"https:\/\/eomed.org\/fr\/texte-dintroduction\/","title":{"rendered":"Texte d\u2019Introduction"},"content":{"rendered":"\n<p>e-OMED lance chaque ann\u00e9e un appel \u00e0 projets qu\u2019elle\nfinance sur ses fonds propres. Apres examen r\u00e9alis\u00e9 par des rapporteurs externes\net internes \u00e0 l\u2019association, 3 ou 4 projets sont retenus avec un soutien\npouvant atteindre 15.000euros. La premi\u00e8re condition d\u2019\u00e9ligibilit\u00e9 est qu\u2019ils doivent\nassocier au minimum 2 partenaires membres d\u2019e-OMED d\u2019une part et d\u2019autre part appartenant\n\u00e0 2 r\u00e9gions distinctes du pourtour m\u00e9diterran\u00e9en, i.e. nord &amp; sud&nbsp;;\nest &amp; sud&nbsp;; est &amp; nord. La dur\u00e9e maximum est de 18 mois. <\/p>\n\n\n\n<p>A titre d\u2019exemple, vous trouverez l\u2019appel \u00e0 projets 2018 et le formulaire sur le lien suivant: (link to: <a rel=\"noreferrer noopener\" aria-label=\"doc#1 (opens in a new tab)\" href=\"https:\/\/eomed.org\/wp-content\/uploads\/2020\/10\/Appel-%C3%A0-projets-e-Omed-2018_doc1.pdf\" target=\"_blank\">doc#1<\/a> et <a rel=\"noreferrer noopener\" aria-label=\"doc#2 (opens in a new tab)\" href=\"https:\/\/eomed.org\/wp-content\/uploads\/2020\/10\/e-Omed-Form-candidature-projet-2018_doc2.docx\" target=\"_blank\">doc#2<\/a>)<\/p>\n","protected":false},"excerpt":{"rendered":"<p>e-OMED lance chaque ann\u00e9e un appel \u00e0 projets qu\u2019elle finance sur ses fonds propres. Apres examen r\u00e9alis\u00e9 par des rapporteurs externes et internes \u00e0 l\u2019association, 3 ou 4 projets sont retenus avec un soutien pouvant atteindre 15.000euros. La premi\u00e8re condition d\u2019\u00e9ligibilit\u00e9 est qu\u2019ils doivent associer au minimum 2 partenaires membres d\u2019e-OMED d\u2019une part et d\u2019autre &hellip; <\/p>\n<p class=\"link-more\"><a href=\"https:\/\/eomed.org\/fr\/texte-dintroduction\/\" class=\"more-link\">Continue reading<span class=\"screen-reader-text\"> &#8220;Texte d\u2019Introduction&#8221;<\/span><\/a><\/p>\n","protected":false},"author":1,"featured_media":0,"parent":0,"menu_order":0,"comment_status":"closed","ping_status":"closed","template":"","meta":{"_acf_changed":false,"footnotes":""},"class_list":["post-483","page","type-page","status-publish","hentry","entry"],"acf":[],"featured_image_src":null,"_links":{"self":[{"href":"https:\/\/eomed.org\/fr\/wp-json\/wp\/v2\/pages\/483","targetHints":{"allow":["GET"]}}],"collection":[{"href":"https:\/\/eomed.org\/fr\/wp-json\/wp\/v2\/pages"}],"about":[{"href":"https:\/\/eomed.org\/fr\/wp-json\/wp\/v2\/types\/page"}],"author":[{"embeddable":true,"href":"https:\/\/eomed.org\/fr\/wp-json\/wp\/v2\/users\/1"}],"replies":[{"embeddable":true,"href":"https:\/\/eomed.org\/fr\/wp-json\/wp\/v2\/comments?post=483"}],"version-history":[{"count":2,"href":"https:\/\/eomed.org\/fr\/wp-json\/wp\/v2\/pages\/483\/revisions"}],"predecessor-version":[{"id":486,"href":"https:\/\/eomed.org\/fr\/wp-json\/wp\/v2\/pages\/483\/revisions\/486"}],"wp:attachment":[{"href":"https:\/\/eomed.org\/fr\/wp-json\/wp\/v2\/media?parent=483"}],"curies":[{"name":"wp","href":"https:\/\/api.w.org\/{rel}","templated":true}]}}