{"id":487,"date":"2020-11-11T09:34:00","date_gmt":"2020-11-11T09:34:00","guid":{"rendered":"https:\/\/eomed.org\/fr\/?page_id=487"},"modified":"2020-11-11T09:44:21","modified_gmt":"2020-11-11T09:44:21","slug":"aap-2012","status":"publish","type":"page","link":"https:\/\/eomed.org\/fr\/aap-2012\/","title":{"rendered":"AAP 2012"},"content":{"rendered":"<div class=\"wp-block-ub-content-toggle wp-block-ub-content-toggle-block\" id=\"ub-content-toggle-block-dea8b3ce-2233-4af6-998a-e200e5645962\" data-mobilecollapse=\"false\" data-desktopcollapse=\"true\" data-preventcollapse=\"false\" data-showonlyone=\"false\">\n<div class=\"wp-block-ub-content-toggle-accordion\" style=\"border-color: #f1f1f1;\" id=\"ub-content-toggle-panel-block-\">\n\t\t\t<div class=\"wp-block-ub-content-toggle-accordion-title-wrap\" style=\"background-color: #f1f1f1;\" aria-controls=\"ub-content-toggle-panel-0-dea8b3ce-2233-4af6-998a-e200e5645962\" tabindex=\"0\">\n\t\t\t<p class=\"wp-block-ub-content-toggle-accordion-title ub-content-toggle-title-dea8b3ce-2233-4af6-998a-e200e5645962\" style=\"color: #000000; \"> Cr\u00e9ation d&#8217;une banque de TP virtuels <\/p>\n\t\t\t<div class=\"wp-block-ub-content-toggle-accordion-toggle-wrap right\" style=\"color: #000000;\"><span class=\"wp-block-ub-content-toggle-accordion-state-indicator wp-block-ub-chevron-down\"><\/span><\/div>\n\t\t<\/div>\n\t\t\t<div role=\"region\" aria-expanded=\"false\" class=\"wp-block-ub-content-toggle-accordion-content-wrap ub-hide\" id=\"ub-content-toggle-panel-0-dea8b3ce-2233-4af6-998a-e200e5645962\">\n\n<p><strong>Communaut\u00e9 Scientifique: <\/strong>Usages p\u00e9dagogiques des TICE<\/p>\n\n\n\n<p><strong>Th\u00e9matique:<\/strong> Travaux\nPratiques \u00e0 distance<\/p>\n\n\n\n<p><strong>Coordinateurs:<\/strong> Monique Vindevoghel &amp;\u00a0 Jean-Marie Blondeau de Universit\u00e9 de Lille\n(F)<\/p>\n\n\n\n<p><strong>Partenairesq<\/strong>:\nUNISCIEL (F) , INSA Lyon (F), UNINETTUNO (I) , Universit\u00e9 Libanaise (LB), Universit\u00e9\nSultan Moulay Slimane \u2013 Beni Mellal (MA), Facult\u00e9 des Sciences Dhar El Mahraz\n\u2013F\u00e8s (MA) , Al-Quds Open University (PS) , Universit\u00e9 Virtuelle de\u00a0 Tunis (TN), Universit\u00e9 de Tlemcen (DZ), \u00c9cole\nSup\u00e9rieure d&#8217;Informatique d\u2019Alger (DZ)<\/p>\n\n\n\n<p><strong>Lien vers la ressource<\/strong>: <a href=\"http:\/\/ressources.unisciel.fr\/tp_virtuels\/menu\/co\/BanquedeTPvirtuelsprojeteomed_web.html\" target=\"_blank\" rel=\"noreferrer noopener\" aria-label=\"http:\/\/ressources.unisciel.fr\/tp_virtuels\/menu\/co\/BanquedeTPvirtuelsprojeteomed_web.html (opens in a new tab)\">http:\/\/ressources.unisciel.fr\/tp_virtuels\/menu\/co\/BanquedeTPvirtuelsprojeteomed_web.html<\/a><\/p>\n\n<\/div>\n\t\t<\/div>\n\n<div class=\"wp-block-ub-content-toggle-accordion\" style=\"border-color: #f1f1f1;\" id=\"ub-content-toggle-panel-block-\">\n\t\t\t<div class=\"wp-block-ub-content-toggle-accordion-title-wrap\" style=\"background-color: #f1f1f1;\" aria-controls=\"ub-content-toggle-panel-1-dea8b3ce-2233-4af6-998a-e200e5645962\" tabindex=\"0\">\n\t\t\t<p class=\"wp-block-ub-content-toggle-accordion-title ub-content-toggle-title-dea8b3ce-2233-4af6-998a-e200e5645962\" style=\"color: #000000; \"> Honorer les dieux dans la M\u00e9diterran\u00e9e et ses marges <\/p>\n\t\t\t<div class=\"wp-block-ub-content-toggle-accordion-toggle-wrap right\" style=\"color: #000000;\"><span class=\"wp-block-ub-content-toggle-accordion-state-indicator wp-block-ub-chevron-down\"><\/span><\/div>\n\t\t<\/div>\n\t\t\t<div role=\"region\" aria-expanded=\"false\" class=\"wp-block-ub-content-toggle-accordion-content-wrap ub-hide\" id=\"ub-content-toggle-panel-1-dea8b3ce-2233-4af6-998a-e200e5645962\">\n\n<p><strong>Communaut\u00e9 Th\u00e9matique: <\/strong>Histoire Euro-M\u00e9diterran\u00e9enne<\/p>\n\n\n\n<p><strong>Th\u00e9matique:<\/strong>\nHistoire des religions<\/p>\n\n\n\n<p><strong>Coordinateur:<\/strong> Dominique\nAvon, Universit\u00e9 de Maine au Mans<\/p>\n\n\n\n<p><strong>Partenaires<\/strong>: Universit\u00e9 Ibn Zohr \u2013 Agadir (MA), Universit\u00e9 de Gen\u00e8ve (CH), Universit\u00e9 Saint Esprit de Kaslik (LB)<\/p>\n\n\n\n<p><strong>Lien vers les ressources:<\/strong><\/p>\n\n\n\n<p>(French) \u00a0<a href=\"http:\/\/hemed.univ-lemans.fr\/cours2012\/fr\/co\/Version_globale_web.html\" target=\"_blank\" rel=\"noreferrer noopener\" aria-label=\" (opens in a new tab)\">http:\/\/hemed.univ-lemans.fr\/cours2012\/fr\/co\/Version_globale_web.html<\/a>;<\/p>\n\n\n\n<p>(English) <a href=\"http:\/\/hemed.univ-lemans.fr\/cours2012\/en\/co\/Hemed_3_web.html\" target=\"_blank\" rel=\"noreferrer noopener\" aria-label=\" (opens in a new tab)\">http:\/\/hemed.univ-lemans.fr\/cours2012\/en\/co\/Hemed_3_web.html<\/a>; <\/p>\n\n\n\n<p>(Arabic) <a href=\"http:\/\/hemed.univ-lemans.fr\/cours2012\/ar\/co\/Hemed2_%20web.html\" target=\"_blank\" rel=\"noreferrer noopener\" aria-label=\" (opens in a new tab)\">http:\/\/hemed.univ-lemans.fr\/cours2012\/ar\/co\/Hemed2_%20web.html<\/a><\/p>\n\n<\/div>\n\t\t<\/div>\n\n<div class=\"wp-block-ub-content-toggle-accordion\" style=\"border-color: #f1f1f1;\" id=\"ub-content-toggle-panel-block-\">\n\t\t\t<div class=\"wp-block-ub-content-toggle-accordion-title-wrap\" style=\"background-color: #f1f1f1;\" aria-controls=\"ub-content-toggle-panel-2-dea8b3ce-2233-4af6-998a-e200e5645962\" tabindex=\"0\">\n\t\t\t<p class=\"wp-block-ub-content-toggle-accordion-title ub-content-toggle-title-dea8b3ce-2233-4af6-998a-e200e5645962\" style=\"color: #000000; \">ESTenLigne : Projet pilote pour la mise en place de contenus p\u00e9dagogiques num\u00e9riques du cursus informatique <\/p>\n\t\t\t<div class=\"wp-block-ub-content-toggle-accordion-toggle-wrap right\" style=\"color: #000000;\"><span class=\"wp-block-ub-content-toggle-accordion-state-indicator wp-block-ub-chevron-down\"><\/span><\/div>\n\t\t<\/div>\n\t\t\t<div role=\"region\" aria-expanded=\"false\" class=\"wp-block-ub-content-toggle-accordion-content-wrap ub-hide\" id=\"ub-content-toggle-panel-2-dea8b3ce-2233-4af6-998a-e200e5645962\">\n\n<p><strong>Communaut\u00e9 Th\u00e9matique: <\/strong>Usage p\u00e9dagogique des TICE<\/p>\n\n\n\n<p><strong>Th\u00e9matique:<\/strong> Informatique<\/p>\n\n\n\n<p><strong>Coordinateur:<\/strong> Adelali\nIbriz, EST de F\u00e8s (MA)<\/p>\n\n\n\n<p><strong>Partenaires: <\/strong>IUTen Ligne (F), Universit\u00e9 Virtuelle de Tunis (TN), R\u00e9seau des ISET (TN)<\/p>\n\n<\/div>\n\t\t<\/div>\n\n<div class=\"wp-block-ub-content-toggle-accordion\" style=\"border-color: #f1f1f1;\" id=\"ub-content-toggle-panel-block-\">\n\t\t\t<div class=\"wp-block-ub-content-toggle-accordion-title-wrap\" style=\"background-color: #f1f1f1;\" aria-controls=\"ub-content-toggle-panel-3-dea8b3ce-2233-4af6-998a-e200e5645962\" tabindex=\"0\">\n\t\t\t<p class=\"wp-block-ub-content-toggle-accordion-title ub-content-toggle-title-dea8b3ce-2233-4af6-998a-e200e5645962\" style=\"color: #000000; \"> Portail de Travaux pratiques accessibles \u00e0 distance : cr\u00e9ation d&#8217;un site pilote <\/p>\n\t\t\t<div class=\"wp-block-ub-content-toggle-accordion-toggle-wrap right\" style=\"color: #000000;\"><span class=\"wp-block-ub-content-toggle-accordion-state-indicator wp-block-ub-chevron-down\"><\/span><\/div>\n\t\t<\/div>\n\t\t\t<div role=\"region\" aria-expanded=\"false\" class=\"wp-block-ub-content-toggle-accordion-content-wrap ub-hide\" id=\"ub-content-toggle-panel-3-dea8b3ce-2233-4af6-998a-e200e5645962\">\n\n<p><strong>Communaut\u00e9 Th\u00e9matique: <\/strong>Usage p\u00e9dagogique des TICE<\/p>\n\n\n\n<p><strong>Th\u00e9matique:<\/strong> Travaux\nPratiques \u00e0 distance<\/p>\n\n\n\n<p><strong>Coordinateur:<\/strong>\nDidier Noterman, INSA Lyon (F)<\/p>\n\n\n\n<p><strong>Partenaires<\/strong>: Universit\u00e9 Virtuelle de Tunis (TN), Universit\u00e9 de Sfax (TN), Universit\u00e9\nIbn Zohr \u2013Agadir (MA), Ecole Mohammadia d&#8217;Ing\u00e9nieurs (MA), Association des directeurs d\u2019IUT (F), Ecole\nSup\u00e9rieure d&#8217;Informatique &#8211; Alger (DZ), \u00c9cole Nationale S T\u00a0 d&#8217;Alger (DZ), \u00c9cole\nNationale Polytechnique d&#8217;Oran (DZ)<\/p>\n\n<\/div>\n\t\t<\/div>\n<\/div>","protected":false},"excerpt":{"rendered":"","protected":false},"author":1,"featured_media":0,"parent":0,"menu_order":0,"comment_status":"closed","ping_status":"closed","template":"","meta":{"_acf_changed":false,"footnotes":""},"class_list":["post-487","page","type-page","status-publish","hentry","entry"],"acf":[],"featured_image_src":null,"_links":{"self":[{"href":"https:\/\/eomed.org\/fr\/wp-json\/wp\/v2\/pages\/487","targetHints":{"allow":["GET"]}}],"collection":[{"href":"https:\/\/eomed.org\/fr\/wp-json\/wp\/v2\/pages"}],"about":[{"href":"https:\/\/eomed.org\/fr\/wp-json\/wp\/v2\/types\/page"}],"author":[{"embeddable":true,"href":"https:\/\/eomed.org\/fr\/wp-json\/wp\/v2\/users\/1"}],"replies":[{"embeddable":true,"href":"https:\/\/eomed.org\/fr\/wp-json\/wp\/v2\/comments?post=487"}],"version-history":[{"count":8,"href":"https:\/\/eomed.org\/fr\/wp-json\/wp\/v2\/pages\/487\/revisions"}],"predecessor-version":[{"id":495,"href":"https:\/\/eomed.org\/fr\/wp-json\/wp\/v2\/pages\/487\/revisions\/495"}],"wp:attachment":[{"href":"https:\/\/eomed.org\/fr\/wp-json\/wp\/v2\/media?parent=487"}],"curies":[{"name":"wp","href":"https:\/\/api.w.org\/{rel}","templated":true}]}}