{"id":506,"date":"2020-11-11T10:21:51","date_gmt":"2020-11-11T10:21:51","guid":{"rendered":"https:\/\/eomed.org\/fr\/?page_id=506"},"modified":"2020-11-11T10:21:51","modified_gmt":"2020-11-11T10:21:51","slug":"publications","status":"publish","type":"page","link":"https:\/\/eomed.org\/fr\/publications\/","title":{"rendered":"Publications"},"content":{"rendered":"<div class=\"wp-block-ub-content-toggle wp-block-ub-content-toggle-block\" id=\"ub-content-toggle-block-062cad74-6077-4682-8a5b-d2ea57ea99e6\" data-mobilecollapse=\"false\" data-desktopcollapse=\"false\" data-preventcollapse=\"false\" data-showonlyone=\"false\">\n<div class=\"wp-block-ub-content-toggle-accordion\" style=\"border-color: #f1f1f1;\" id=\"ub-content-toggle-panel-block-\">\n\t\t\t<div class=\"wp-block-ub-content-toggle-accordion-title-wrap\" style=\"background-color: #f1f1f1;\" aria-controls=\"ub-content-toggle-panel-0-062cad74-6077-4682-8a5b-d2ea57ea99e6\" tabindex=\"0\">\n\t\t\t<p class=\"wp-block-ub-content-toggle-accordion-title ub-content-toggle-title-062cad74-6077-4682-8a5b-d2ea57ea99e6\" style=\"color: #000000; \"> Le droit et les technologies du num\u00e9rique: le droit face aux transformations soci\u00e9tales engendr\u00e9es par le num\u00e9rique <\/p>\n\t\t\t<div class=\"wp-block-ub-content-toggle-accordion-toggle-wrap right\" style=\"color: #000000;\"><span class=\"wp-block-ub-content-toggle-accordion-state-indicator wp-block-ub-chevron-down open\"><\/span><\/div>\n\t\t<\/div>\n\t\t\t<div role=\"region\" aria-expanded=\"true\" class=\"wp-block-ub-content-toggle-accordion-content-wrap\" id=\"ub-content-toggle-panel-0-062cad74-6077-4682-8a5b-d2ea57ea99e6\">\n\n<p><strong>Communaut\u00e9\nTh\u00e9matique:\u00a0 <\/strong>Droit<\/p>\n\n\n\n<p><strong>Editeurs\nScientifique: <\/strong>Catherine Barreau (Universit\u00e9 de Rennes 1, France) and\nNajoua Djerad (Universit\u00e9 la Manouba, Tunisie)<\/p>\n\n\n\n<p><strong>ISBN\u00a0:\n<\/strong>978-614-473-119-2 (120-3 en version e-book)<\/p>\n\n\n\n<p><strong>Link to the resources: <\/strong>(link to <a href=\"https:\/\/eomed.org\/wp-content\/uploads\/2020\/10\/actes-colloque-2017_docx.pdf\" target=\"_blank\" rel=\"noreferrer noopener\" aria-label=\"doc#x (opens in a new tab)\">doc#x<\/a>)<\/p>\n\n<\/div>\n\t\t<\/div>\n<\/div>","protected":false},"excerpt":{"rendered":"","protected":false},"author":1,"featured_media":0,"parent":0,"menu_order":0,"comment_status":"closed","ping_status":"closed","template":"","meta":{"_acf_changed":false,"footnotes":""},"class_list":["post-506","page","type-page","status-publish","hentry","entry"],"acf":[],"featured_image_src":null,"_links":{"self":[{"href":"https:\/\/eomed.org\/fr\/wp-json\/wp\/v2\/pages\/506","targetHints":{"allow":["GET"]}}],"collection":[{"href":"https:\/\/eomed.org\/fr\/wp-json\/wp\/v2\/pages"}],"about":[{"href":"https:\/\/eomed.org\/fr\/wp-json\/wp\/v2\/types\/page"}],"author":[{"embeddable":true,"href":"https:\/\/eomed.org\/fr\/wp-json\/wp\/v2\/users\/1"}],"replies":[{"embeddable":true,"href":"https:\/\/eomed.org\/fr\/wp-json\/wp\/v2\/comments?post=506"}],"version-history":[{"count":1,"href":"https:\/\/eomed.org\/fr\/wp-json\/wp\/v2\/pages\/506\/revisions"}],"predecessor-version":[{"id":507,"href":"https:\/\/eomed.org\/fr\/wp-json\/wp\/v2\/pages\/506\/revisions\/507"}],"wp:attachment":[{"href":"https:\/\/eomed.org\/fr\/wp-json\/wp\/v2\/media?parent=506"}],"curies":[{"name":"wp","href":"https:\/\/api.w.org\/{rel}","templated":true}]}}