{"id":1128,"date":"2019-06-25T07:14:26","date_gmt":"2019-06-25T07:14:26","guid":{"rendered":"https:\/\/eomed.org\/?page_id=1128"},"modified":"2021-12-12T11:33:57","modified_gmt":"2021-12-12T10:33:57","slug":"about-eomed","status":"publish","type":"page","link":"https:\/\/eomed.org\/?page_id=1128","title":{"rendered":"About e-OMED"},"content":{"rendered":"\n<div class=\"wp-block-columns alignwide has-2-columns textHead is-layout-flex wp-container-core-columns-is-layout-9d6595d7 wp-block-columns-is-layout-flex\">\n<div class=\"wp-block-column is-layout-flow wp-block-column-is-layout-flow\">\n<p>International Association\nOpen Digital Space for the Mediterranean\ne-OMED\nCreated in 2011 and governed by the French Law of 1901.\n<\/p>\n<\/div>\n\n\n\n<div class=\"wp-block-column is-layout-flow wp-block-column-is-layout-flow\">\n<p><\/p>\n<\/div>\n<\/div>\n\n\n\n<div class=\"wp-block-columns has-2-columns aboutHead is-layout-flex wp-container-core-columns-is-layout-9d6595d7 wp-block-columns-is-layout-flex\">\n<div class=\"wp-block-column is-layout-flow wp-block-column-is-layout-flow\">\n<p>\u00ab\u00a0ICT AS VECTOR\nOF KNOWLEDGE\u00a0\u00bb<\/p>\n<\/div>\n\n\n\n<div class=\"wp-block-column is-layout-flow wp-block-column-is-layout-flow\">\n<div class=\"wp-block-image\"><figure class=\"aligncenter is-resized\"><img loading=\"lazy\" decoding=\"async\" src=\"https:\/\/eomed.org\/wp-content\/uploads\/2019\/06\/Figure2.png\" alt=\"\" class=\"wp-image-1142\" width=\"398\" height=\"286\" srcset=\"https:\/\/eomed.org\/wp-content\/uploads\/2019\/06\/Figure2.png 668w, https:\/\/eomed.org\/wp-content\/uploads\/2019\/06\/Figure2-300x216.png 300w\" sizes=\"auto, (max-width: 398px) 100vw, 398px\" \/><\/figure><\/div>\n<\/div>\n<\/div>\n\n\n<div id=\"accordions-1149\" class=\"accordions-1149 accordions\" data-accordions={&quot;lazyLoad&quot;:true,&quot;id&quot;:&quot;1149&quot;,&quot;event&quot;:&quot;click&quot;,&quot;collapsible&quot;:&quot;true&quot;,&quot;heightStyle&quot;:&quot;content&quot;,&quot;animateStyle&quot;:&quot;swing&quot;,&quot;animateDelay&quot;:1000,&quot;navigation&quot;:true,&quot;active&quot;:999,&quot;expandedOther&quot;:&quot;no&quot;}>\r\n                <div id=\"accordions-lazy-1149\" class=\"accordions-lazy\" accordionsId=\"1149\">\r\n                    <\/div>\r\n\r\n    <div class=\"items\"  style=\"display:none\" >\r\n    \r\n            <div post_id=\"1149\" itemcount=\"0\"  header_id=\"header-1576320691837\" id=\"header-1576320691837\" style=\"\" class=\"accordions-head head1576320691837 border-none\" toggle-text=\"\" main-text=\"OBJECTIVE AND ACTIONS of e-OMED\">\r\n                                    <span id=\"accordion-icons-1576320691837\" class=\"accordion-icons\">\r\n                        <span class=\"accordion-icon-active accordion-plus\"><i class=\"fa fas fa-angle-right\"><\/i><\/span>\r\n                        <span class=\"accordion-icon-inactive accordion-minus\"><i class=\"fa fas fa-chevron-down\"><\/i><\/span>\r\n                    <\/span>\r\n                    <span id=\"header-text-1576320691837\" class=\"accordions-head-title\">OBJECTIVE AND ACTIONS of e-OMED<\/span>\r\n                            <\/div>\r\n            <div class=\"accordion-content content1576320691837 \">\r\n                <h2>OBJECTIVE<\/h2>\n<p><strong>Building<\/strong> a digital space of solidarity between the members of the association.<\/p>\n<h2>ACTIONS<\/h2>\n<ul>\n<li><strong>Promote<\/strong> the use of\u00a0 ICT for training and research purposes in higher education institutions.<\/li>\n<li><strong>Foster <\/strong>cooperative relations between the different cultures and institutions, through the use of the online learning tools, and promote the implementations of training cycles shared between its members from different countries.<\/li>\n<li><strong>Facilitate <\/strong>the exchange of digital resources between the shores of the Mediterranean and beyond by promoting the use of platforms, adapting and translating the content.<\/li>\n<li><strong>Reinforce<\/strong> the visibility of culture and enhance Mediterranean cultural heritage.<\/li>\n<\/ul>\n            <\/div>\r\n    \r\n            <div post_id=\"1149\" itemcount=\"1\"  header_id=\"header-1576320713794\" id=\"header-1576320713794\" style=\"\" class=\"accordions-head head1576320713794 border-none\" toggle-text=\"\" main-text=\"ORGANIZATIONAL STRUCTURE\">\r\n                                    <span id=\"accordion-icons-1576320713794\" class=\"accordion-icons\">\r\n                        <span class=\"accordion-icon-active accordion-plus\"><i class=\"fa fas fa-angle-right\"><\/i><\/span>\r\n                        <span class=\"accordion-icon-inactive accordion-minus\"><i class=\"fa fas fa-chevron-down\"><\/i><\/span>\r\n                    <\/span>\r\n                    <span id=\"header-text-1576320713794\" class=\"accordions-head-title\">ORGANIZATIONAL STRUCTURE<\/span>\r\n                            <\/div>\r\n            <div class=\"accordion-content content1576320713794 \">\r\n                <ul>\n<li>The General Assembly is the sovereign body of the association. It meets every three years.<\/li>\n<li>The second decision-maker structure of the association is the Board of Directors (BoD). Its members are elected for a period of three years at the General Assembly. The BoD meets on average twice a year.<\/li>\n<li>The third structure resulting from the BoD is the Bureau. It manages the day-to-day activities of the association.<\/li>\n<\/ul>\n            <\/div>\r\n    \r\n            <div post_id=\"1149\" itemcount=\"2\"  header_id=\"header-1576320734688\" id=\"header-1576320734688\" style=\"\" class=\"accordions-head head1576320734688 border-none\" toggle-text=\"\" main-text=\"OPERATIONAL STRUCTURE\">\r\n                                    <span id=\"accordion-icons-1576320734688\" class=\"accordion-icons\">\r\n                        <span class=\"accordion-icon-active accordion-plus\"><i class=\"fa fas fa-angle-right\"><\/i><\/span>\r\n                        <span class=\"accordion-icon-inactive accordion-minus\"><i class=\"fa fas fa-chevron-down\"><\/i><\/span>\r\n                    <\/span>\r\n                    <span id=\"header-text-1576320734688\" class=\"accordions-head-title\">OPERATIONAL STRUCTURE<\/span>\r\n                            <\/div>\r\n            <div class=\"accordion-content content1576320734688 \">\r\n                <p>Taking into account diversity of countries, cultures and themes, e-OMED relies on Thematic Communities (TC) which are flexible structures.<\/p>\n<p>TC bring together actors from institutions members at e-OMED having the same field of interest : discipline, pedagogy, tools, etc.<\/p>\n<p>These TC have the following missions:<\/p>\n<ul>\n<li>Take stock of the resources, experiences, and usage of the digital technology in their fields.<\/li>\n<li>Set up multi-partner and multi-country projects and seek the necessary funds.<\/li>\n<li>Coordinate these projects, ensure the dissemination of the results and promote the implementation of their outputs.<\/li>\n<\/ul>\n            <\/div>\r\n    \r\n            <div post_id=\"1149\" itemcount=\"3\"  header_id=\"header-1576320758229\" id=\"header-1576320758229\" style=\"\" class=\"accordions-head head1576320758229 border-none\" toggle-text=\"\" main-text=\"BENEFITS OF JOINING e-OMED\">\r\n                                    <span id=\"accordion-icons-1576320758229\" class=\"accordion-icons\">\r\n                        <span class=\"accordion-icon-active accordion-plus\"><i class=\"fa fas fa-angle-right\"><\/i><\/span>\r\n                        <span class=\"accordion-icon-inactive accordion-minus\"><i class=\"fa fas fa-chevron-down\"><\/i><\/span>\r\n                    <\/span>\r\n                    <span id=\"header-text-1576320758229\" class=\"accordions-head-title\">BENEFITS OF JOINING e-OMED<\/span>\r\n                            <\/div>\r\n            <div class=\"accordion-content content1576320758229 \">\r\n                <p>Access to a wide network of international\u00a0 partners for the use of ICT.<\/p>\n<ul>\n<li>Pool, share and enhance the value of digital resources.<\/li>\n<li>Increase the visibility of members' work.<\/li>\n<li>Participate in the calls for projects launched by the association.<\/li>\n<li>Benefit from the expertise of e-OMED and of its members in the setting up and management of international projects.<\/li>\n<\/ul>\n            <\/div>\r\n    \r\n            <div post_id=\"1149\" itemcount=\"4\"  header_id=\"header-1576320776960\" id=\"header-1576320776960\" style=\"\" class=\"accordions-head head1576320776960 border-none\" toggle-text=\"\" main-text=\"HOW TO JOIN e-OMED\">\r\n                                    <span id=\"accordion-icons-1576320776960\" class=\"accordion-icons\">\r\n                        <span class=\"accordion-icon-active accordion-plus\"><i class=\"fa fas fa-angle-right\"><\/i><\/span>\r\n                        <span class=\"accordion-icon-inactive accordion-minus\"><i class=\"fa fas fa-chevron-down\"><\/i><\/span>\r\n                    <\/span>\r\n                    <span id=\"header-text-1576320776960\" class=\"accordions-head-title\">HOW TO JOIN e-OMED<\/span>\r\n                            <\/div>\r\n            <div class=\"accordion-content content1576320776960 \">\r\n                <ul>\n<li>Membership of e-OMED is open to legal entities that wish to participate in the achievement of the association\u2019s objectives and that have been approved for this purpose.<\/li>\n<li>Any institution or structure wishing to join must send an e-mail to one of the members of the association\u2019s board and will receive by return an application form.<\/li>\n<li>All memberships are pronounced by the BoD.<\/li>\n<li>The upholding of membership requires the payment of an annual membership fee.<\/li>\n<\/ul>\n            <\/div>\r\n    \r\n            <div post_id=\"1149\" itemcount=\"5\"  header_id=\"header-1576320799339\" id=\"header-1576320799339\" style=\"\" class=\"accordions-head head1576320799339 border-none\" toggle-text=\"\" main-text=\"e-OMED Board\">\r\n                                    <span id=\"accordion-icons-1576320799339\" class=\"accordion-icons\">\r\n                        <span class=\"accordion-icon-active accordion-plus\"><i class=\"fa fas fa-angle-right\"><\/i><\/span>\r\n                        <span class=\"accordion-icon-inactive accordion-minus\"><i class=\"fa fas fa-chevron-down\"><\/i><\/span>\r\n                    <\/span>\r\n                    <span id=\"header-text-1576320799339\" class=\"accordions-head-title\">e-OMED Board<\/span>\r\n                            <\/div>\r\n            <div class=\"accordion-content content1576320799339 \">\r\n                <h3>President<\/h3>\n<p>Mr. <em>Jilani LAMLOUMI(<\/em><a href=\"mailto:jilani.lamloumi@gmail.com\">jilani.lamloumi@gmail.com)<\/a><\/p>\n<h3>Vice-Chairman<\/h3>\n<p>Mr. <em>Fran\u00e7ois HENN (<\/em><a href=\"mailto:francois.henn@umontpellier.fr\">francois.henn@umontpellier.fr<\/a>)<\/p>\n<h3>General Delegate<\/h3>\n<p>Ms. <em>Catherine BARREAU(<\/em><a href=\"mailto:Catherine.barreau@unjf.fr\">Catherine.barreau@unjf.fr)<\/a><\/p>\n<h3>Treasurer<\/h3>\n<p>Mr. <em>Herv\u00e9 CHAPPERT(<\/em><a href=\"mailto:herve.chappert@umontpellier.fr\">herve.chappert@umontpellier.fr)<\/a><\/p>\n<h3>Board Member<\/h3>\n<p style=\"font-weight: 400\">Molka BEL CADHI<\/p>\n<p style=\"font-weight: 400\">Olfa MOURALI<\/p>\n<p style=\"font-weight: 400\">David CASSAGNE<\/p>\n<p style=\"font-weight: 400\">Christine BILLON-LANFRAY<\/p>\n<p style=\"font-weight: 400\">Imad HODALI<\/p>\n<h3><strong>Address<\/strong><\/h3>\n<p>Association Internationale e-OMED - BP 50<br \/>\nUniversit\u00e9 de Montpellier<br \/>\n163 rue Auguste Broussonnet<br \/>\n34000 Montpellier<\/p>\n<p><strong>Email:<\/strong><a href=\"mailto:administratif@eomed.org\">administratif@eomed.org<\/a><\/p>\n            <\/div>\r\n    <\/div>\r\n\r\n\r\n\r\n            <\/div>\n","protected":false},"excerpt":{"rendered":"<p>International Association Open Digital Space for the Mediterranean e-OMED Created in 2011 and governed by the French Law of 1901. \u00ab\u00a0ICT AS VECTOR OF KNOWLEDGE\u00a0\u00bb<\/p>\n","protected":false},"author":1,"featured_media":0,"parent":1005,"menu_order":0,"comment_status":"closed","ping_status":"closed","template":"","meta":{"_acf_changed":false,"advgb_blocks_editor_width":"","advgb_blocks_columns_visual_guide":"","footnotes":""},"class_list":["post-1128","page","type-page","status-publish","hentry","entry"],"acf":[],"featured_image_src":null,"coauthors":[],"author_meta":{"author_link":"https:\/\/eomed.org\/?author=1","display_name":"admin"},"relative_dates":{"created":"Publi\u00e9 7 ans il y a","modified":"Mis \u00e0 jour 4 ans il y a"},"absolute_dates":{"created":"Publi\u00e9 le juin 25, 2019","modified":"Mise \u00e0 jour le d\u00e9cembre 12, 2021"},"absolute_dates_time":{"created":"Publi\u00e9 le juin 25, 2019 7:14 am","modified":"Mise \u00e0 jour le d\u00e9cembre 12, 2021 11:33 am"},"featured_img_caption":"","featured_img":false,"series_order":"","_links":{"self":[{"href":"https:\/\/eomed.org\/index.php?rest_route=\/wp\/v2\/pages\/1128","targetHints":{"allow":["GET"]}}],"collection":[{"href":"https:\/\/eomed.org\/index.php?rest_route=\/wp\/v2\/pages"}],"about":[{"href":"https:\/\/eomed.org\/index.php?rest_route=\/wp\/v2\/types\/page"}],"author":[{"embeddable":true,"href":"https:\/\/eomed.org\/index.php?rest_route=\/wp\/v2\/users\/1"}],"replies":[{"embeddable":true,"href":"https:\/\/eomed.org\/index.php?rest_route=%2Fwp%2Fv2%2Fcomments&post=1128"}],"version-history":[{"count":21,"href":"https:\/\/eomed.org\/index.php?rest_route=\/wp\/v2\/pages\/1128\/revisions"}],"predecessor-version":[{"id":1627,"href":"https:\/\/eomed.org\/index.php?rest_route=\/wp\/v2\/pages\/1128\/revisions\/1627"}],"up":[{"embeddable":true,"href":"https:\/\/eomed.org\/index.php?rest_route=\/wp\/v2\/pages\/1005"}],"wp:attachment":[{"href":"https:\/\/eomed.org\/index.php?rest_route=%2Fwp%2Fv2%2Fmedia&parent=1128"}],"curies":[{"name":"wp","href":"https:\/\/api.w.org\/{rel}","templated":true}]}}