{"id":1164,"date":"2019-12-14T12:17:11","date_gmt":"2019-12-14T12:17:11","guid":{"rendered":"https:\/\/eomed.org\/?page_id=1164"},"modified":"2021-12-12T12:11:56","modified_gmt":"2021-12-12T11:11:56","slug":"members-list","status":"publish","type":"page","link":"https:\/\/eomed.org\/?page_id=1164","title":{"rendered":"Members Info"},"content":{"rendered":"\n<table class=\"tbl counter col1Cntr col3Cntr col5Cntr\">\n        <thead>\n        <tr>\n        <td width=\"45\"><strong>#<\/strong><\/td>\n        <td style=\"text-align:center;\"><strong>NAME<\/strong><\/td>\n        <td><strong>ABBREVIATION<\/strong><\/td>\n        <td style=\"text-align:center;\"><strong>WEB SITE<\/strong><\/td>\n        <td style=\"text-align:center;\"><strong>LOGO<\/strong><\/td>\n        <\/tr>\n        <\/thead>\n        <tbody>\n        <tr>\n        <td>1.<\/td>\n        <td>AL QUDS OPEN UNIVERSITY<\/td>\n        <td>QOU<\/td>\n        <td><a target=\"_blank\" href=\"https:\/\/www.qou.edu\/\" rel=\"noopener noreferrer\">https:\/\/www.qou.edu<\/a><\/td>\n        <td><img decoding=\"async\" src=\"\/resources\/images\/memb-list\/image001.png\" alt=\"\"><\/td>\n        <\/tr>\n        <tr>\n        <td>2.<\/td>\n        <td>ESPRIT<\/td>\n        <td>&nbsp;<\/td>\n        <td><a target=\"_blank\" href=\"http:\/\/esprit.tn\/\" rel=\"noopener noreferrer\">http:\/\/esprit.tn<\/a><\/td>\n        <td><img decoding=\"async\" src=\"\/resources\/images\/memb-list\/image002.png\" alt=\"\"><\/td>\n        <\/tr>\n        <tr>\n        <td>3.<\/td>\n        <td>HOLY SPIRIT UNIVERSITY OF KASLIK<\/td>\n        <td>USEK<\/td>\n        <td><a target=\"_blank\" href=\"https:\/\/www.usek.edu.lb\/en\/home\" rel=\"noopener noreferrer\">https:\/\/www.usek.edu.lb\/en\/home<\/a><\/td>\n        <td><img decoding=\"async\" src=\"\/resources\/images\/memb-list\/image003.png\" alt=\"\"><\/td>\n        <\/tr>\n        <tr>\n        <td>4.<\/td>\n        <td>INSTITUT DE RECHERCHE POUR LE D\u00c9VELOPPEMENT<\/td>\n        <td>IRD<\/td>\n        <td><a target=\"_blank\" href=\"https:\/\/www.ird.fr\/\" rel=\"noopener noreferrer\">https:\/\/www.ird.fr\/<\/a><\/td>\n        <td><img decoding=\"async\" src=\"\/resources\/images\/memb-list\/image004.png\" alt=\"\"><\/td>\n        <\/tr>\n        <tr>\n        <td>5.<\/td>\n        <td>INSTITUT NATIONAL DES SCIENCES APPLIQU\u00c9ES<\/td>\n        <td>INSA LYON<\/td>\n        <td><a target=\"_blank\" href=\"https:\/\/www.insa-lyon.fr\/\" rel=\"noopener noreferrer\">https:\/\/www.insa-lyon.fr\/<\/a><\/td>\n        <td><img decoding=\"async\" src=\"\/resources\/images\/memb-list\/image005.png\" alt=\"\"><\/td>\n        <\/tr>\n        <tr>\n        <td>6.<\/td>\n        <td>LE MANS UNIVERSIT\u00c9<\/td>\n        <td>&nbsp;<\/td>\n        <td><a target=\"_blank\" href=\"http:\/\/www.univ-lemans.fr\/fr\/index.html\" rel=\"noopener noreferrer\">http:\/\/www.univ-lemans.fr\/fr\/index.html<\/a><\/td>\n        <td><img decoding=\"async\" src=\"\/resources\/images\/memb-list\/image006.jpg\" alt=\"\"><\/td>\n        <\/tr>\n        <tr>\n        <td>7.<\/td>\n        <td>UNIVERSIT\u00c0 TELEMATICA INTERNAZIONALE<\/td>\n        <td>UNINETTUNO<\/td>\n        <td><a target=\"_blank\" href=\"https:\/\/www.uninettunouniversity.net\/fr\/default.aspx\" rel=\"noopener noreferrer\">https:\/\/www.uninettunouniversity.net\/fr\/default.aspx<\/a><\/td>\n        <td><img decoding=\"async\" src=\"\/resources\/images\/memb-list\/image007.jpg\" alt=\"\"><\/td>\n        <\/tr>\n        <tr>\n        <td>8.<\/td>\n        <td>UNIVERSIT\u00c9 8 MAI 1945 GUELMA<\/td>\n        <td>&nbsp;<\/td>\n        <td><a target=\"_blank\" href=\"http:\/\/www.univ-guelma.dz\/fr\" rel=\"noopener noreferrer\">http:\/\/www.univ-guelma.dz\/fr<\/a><\/td>\n        <td><img decoding=\"async\" src=\"\/resources\/images\/memb-list\/image008.png\" alt=\"\"><\/td>\n        <\/tr>\n        <tr>\n        <td>9.<\/td>\n        <td>UNIVERSIT\u00c9 DE TUNIS<\/td>\n        <td><\/td>\n        <td><a target=\"_blank\" href=\"http:\/\/www.utunis.rnu.tn\/\" rel=\"noopener noreferrer\">http:\/\/www.utunis.rnu.tn<\/a><\/td>\n        <td><img decoding=\"async\" src=\"\/resources\/images\/memb-list\/image009.jpg\" alt=\"\"><\/td>\n        <\/tr>\n        <tr>\n        <td>10.<\/td>\n        <td>Universit\u00e9 de la Manouba<\/td>\n        <td>&nbsp;<\/td>\n        <td><a target=\"_blank\" href=\"http:\/\/www.uma.rnu.tn\/index.php?code=5\" rel=\"noopener noreferrer\">http:\/\/www.uma.rnu.tn\/index.php?code=5<\/a><\/td>\n        <td><img decoding=\"async\" src=\"\/resources\/images\/memb-list\/image010.png\" alt=\"\"><\/td>\n        <\/tr>\n        <tr>\n        <td>11.<\/td>\n        <td>UNIVERSIT\u00c9 DE MONTPELLIER<\/td>\n        <td>&nbsp;<\/td>\n        <td><a target=\"_blank\" href=\"https:\/\/www.umontpellier.fr\/\" rel=\"noopener noreferrer\">https:\/\/www.umontpellier.fr<\/a><\/td>\n        <td><img decoding=\"async\" src=\"\/resources\/images\/memb-list\/image011.png\" alt=\"\"><\/td>\n        <\/tr>\n        <tr>\n        <td>12.<\/td>\n        <td>UNIVERSIT\u00c9 IBN ZOHR<\/td>\n        <td>&nbsp;<\/td>\n        <td><a target=\"_blank\" href=\"http:\/\/cfc-uiz.ma\/\" rel=\"noopener noreferrer\">http:\/\/cfc-uiz.ma<\/a><\/td>\n        <td><img decoding=\"async\" src=\"\/resources\/images\/memb-list\/image012.jpg\" alt=\"\"><\/td>\n        <\/tr>\n        <tr>\n        <td>13.<\/td>\n        <td>Universit\u00e9 Num\u00e9rique Juridique Francophone<\/td>\n        <td>UNJF<\/td>\n        <td><a target=\"_blank\" href=\"https:\/\/univ-droit.fr\/universite-numerique-juridique-francophone\" rel=\"noopener noreferrer\">https:\/\/univ-droit.fr\/universite-numerique-juridique-francophone<\/a><\/td>\n        <td><img decoding=\"async\" src=\"\/resources\/images\/memb-list\/image013.jpg\" alt=\"\"><\/td>\n        <\/tr>\n        <tr>\n        <td>14.<\/td>\n        <td>UNIVERSIT\u00c9 SULTAN MOULAY SLIMANE<\/td>\n        <td>&nbsp;<\/td>\n        <td><a target=\"_blank\" href=\"http:\/\/www.flshbm.ma\/\" rel=\"noopener noreferrer\">http:\/\/www.flshbm.ma<\/a><\/td>\n        <td>&nbsp;<\/td>\n        <\/tr>\n        <tr>\n        <td>15.<\/td>\n        <td>UNIVERSIT\u00c9 VIRTUELLE DE TUNIS<\/td>\n        <td>UVT<\/td>\n        <td><a target=\"_blank\" href=\"http:\/\/www.uvt.rnu.tn\/\" rel=\"noopener noreferrer\">http:\/\/www.uvt.rnu.tn<\/a><\/td>\n        <td><img decoding=\"async\" src=\"\/resources\/images\/memb-list\/image014.png\" alt=\"\"><\/td>\n        <\/tr>\n        <\/tbody>\n        <\/table>\n","protected":false},"excerpt":{"rendered":"<p># NAME ABBREVIATION WEB SITE LOGO 1. AL QUDS OPEN UNIVERSITY QOU https:\/\/www.qou.edu 2. ESPRIT &nbsp; http:\/\/esprit.tn 3. HOLY SPIRIT UNIVERSITY OF KASLIK USEK https:\/\/www.usek.edu.lb\/en\/home 4. INSTITUT DE RECHERCHE POUR LE D\u00c9VELOPPEMENT IRD https:\/\/www.ird.fr\/ 5. INSTITUT NATIONAL DES SCIENCES APPLIQU\u00c9ES INSA LYON https:\/\/www.insa-lyon.fr\/ 6. LE MANS UNIVERSIT\u00c9 &nbsp; http:\/\/www.univ-lemans.fr\/fr\/index.html 7. UNIVERSIT\u00c0 TELEMATICA INTERNAZIONALE UNINETTUNO https:\/\/www.uninettunouniversity.net\/fr\/default.aspx &hellip; <\/p>\n<p class=\"link-more\"><a href=\"https:\/\/eomed.org\/?page_id=1164\" class=\"more-link\">Continuer la lecture <span class=\"screen-reader-text\"> \u00ab\u00a0Members Info\u00a0\u00bb<\/span><\/a><\/p>\n","protected":false},"author":1,"featured_media":0,"parent":1005,"menu_order":6,"comment_status":"closed","ping_status":"closed","template":"","meta":{"_acf_changed":false,"advgb_blocks_editor_width":"","advgb_blocks_columns_visual_guide":"","footnotes":""},"class_list":["post-1164","page","type-page","status-publish","hentry","entry"],"acf":[],"featured_image_src":null,"coauthors":[],"author_meta":{"author_link":"https:\/\/eomed.org\/?author=1","display_name":"admin"},"relative_dates":{"created":"Publi\u00e9 6 ans il y a","modified":"Mis \u00e0 jour 4 ans il y a"},"absolute_dates":{"created":"Publi\u00e9 le d\u00e9cembre 14, 2019","modified":"Mise \u00e0 jour le d\u00e9cembre 12, 2021"},"absolute_dates_time":{"created":"Publi\u00e9 le d\u00e9cembre 14, 2019 12:17 pm","modified":"Mise \u00e0 jour le d\u00e9cembre 12, 2021 12:11 pm"},"featured_img_caption":"","featured_img":false,"series_order":"","_links":{"self":[{"href":"https:\/\/eomed.org\/index.php?rest_route=\/wp\/v2\/pages\/1164","targetHints":{"allow":["GET"]}}],"collection":[{"href":"https:\/\/eomed.org\/index.php?rest_route=\/wp\/v2\/pages"}],"about":[{"href":"https:\/\/eomed.org\/index.php?rest_route=\/wp\/v2\/types\/page"}],"author":[{"embeddable":true,"href":"https:\/\/eomed.org\/index.php?rest_route=\/wp\/v2\/users\/1"}],"replies":[{"embeddable":true,"href":"https:\/\/eomed.org\/index.php?rest_route=%2Fwp%2Fv2%2Fcomments&post=1164"}],"version-history":[{"count":23,"href":"https:\/\/eomed.org\/index.php?rest_route=\/wp\/v2\/pages\/1164\/revisions"}],"predecessor-version":[{"id":1581,"href":"https:\/\/eomed.org\/index.php?rest_route=\/wp\/v2\/pages\/1164\/revisions\/1581"}],"up":[{"embeddable":true,"href":"https:\/\/eomed.org\/index.php?rest_route=\/wp\/v2\/pages\/1005"}],"wp:attachment":[{"href":"https:\/\/eomed.org\/index.php?rest_route=%2Fwp%2Fv2%2Fmedia&parent=1164"}],"curies":[{"name":"wp","href":"https:\/\/api.w.org\/{rel}","templated":true}]}}