{"id":1239,"date":"2020-09-22T09:58:44","date_gmt":"2020-09-22T09:58:44","guid":{"rendered":"https:\/\/eomed.org\/?page_id=1239"},"modified":"2021-12-11T04:57:05","modified_gmt":"2021-12-11T03:57:05","slug":"health","status":"publish","type":"page","link":"https:\/\/eomed.org\/?page_id=1239","title":{"rendered":"Health"},"content":{"rendered":"\n<h2 class=\"wp-block-heading\">Introduction<\/h2>\n\n\n\n<p>All activities related to the use of digital tools in the field of health are grouped here.<\/p>\n\n\n\n<h2 class=\"wp-block-heading\">Contact<\/h2>\n\n\n\n<ul class=\"wp-block-list\"><li>Adel Ben Taziri \u2013 Universit\u00e9 Virtuelle de Tunis : <a href=\"mailto:bentaziri@uvt.tn\">bentaziri@uvt.tn<\/a><\/li><\/ul>\n\n\n\n<h2 class=\"wp-block-heading\">On line documents<\/h2>\n\n\n\n<ul class=\"wp-block-list\"><li>Programme du workshop sur <strong>les comp\u00e9tences num\u00e9riques en m\u00e9tiers de la sant\u00e9<\/strong>, les 19-20 juin 2014 &#8211; Hammamet, Tunisie. (link\u00a0: <a rel=\"noreferrer noopener\" aria-label=\"Workshop Num\u00e9rique Sant\u00e9-Hammamet-19-20juin2014.pdf_doc#7 (opens in a new tab)\" href=\"https:\/\/eomed.org\/wp-content\/uploads\/2020\/09\/Workshop-Num\u00e9rique-Sant\u00e9-Hammamet-19-20juin2014_doc7.pdf\" target=\"_blank\">Workshop Num\u00e9rique Sant\u00e9-Hammamet-19-20juin2014.pdf_doc#7<\/a> + <a class=\"fancybox image\" href=\"https:\/\/eomed.org\/wp-content\/uploads\/2020\/09\/image-2-1.jpg\"><img decoding=\"async\" src=\"https:\/\/eomed.org\/wp-content\/uploads\/2020\/09\/image.jpg\"\/><\/a>) <\/li><\/ul>\n","protected":false},"excerpt":{"rendered":"<p>Introduction All activities related to the use of digital tools in the field of health are grouped here. Contact Adel Ben Taziri \u2013 Universit\u00e9 Virtuelle de Tunis : bentaziri@uvt.tn On line documents Programme du workshop sur les comp\u00e9tences num\u00e9riques en m\u00e9tiers de la sant\u00e9, les 19-20 juin 2014 &#8211; Hammamet, Tunisie. (link\u00a0: Workshop Num\u00e9rique Sant\u00e9-Hammamet-19-20juin2014.pdf_doc#7 &hellip; <\/p>\n<p class=\"link-more\"><a href=\"https:\/\/eomed.org\/?page_id=1239\" class=\"more-link\">Continuer la lecture <span class=\"screen-reader-text\"> \u00ab\u00a0Health\u00a0\u00bb<\/span><\/a><\/p>\n","protected":false},"author":1,"featured_media":0,"parent":1222,"menu_order":1,"comment_status":"closed","ping_status":"closed","template":"","meta":{"_acf_changed":false,"advgb_blocks_editor_width":"","advgb_blocks_columns_visual_guide":"","footnotes":""},"class_list":["post-1239","page","type-page","status-publish","hentry","entry"],"acf":[],"featured_image_src":null,"coauthors":[],"author_meta":{"author_link":"https:\/\/eomed.org\/?author=1","display_name":"admin"},"relative_dates":{"created":"Publi\u00e9 6 ans il y a","modified":"Mis \u00e0 jour 4 ans il y a"},"absolute_dates":{"created":"Publi\u00e9 le septembre 22, 2020","modified":"Mise \u00e0 jour le d\u00e9cembre 11, 2021"},"absolute_dates_time":{"created":"Publi\u00e9 le septembre 22, 2020 9:58 am","modified":"Mise \u00e0 jour le d\u00e9cembre 11, 2021 4:57 am"},"featured_img_caption":"","featured_img":false,"series_order":"","_links":{"self":[{"href":"https:\/\/eomed.org\/index.php?rest_route=\/wp\/v2\/pages\/1239","targetHints":{"allow":["GET"]}}],"collection":[{"href":"https:\/\/eomed.org\/index.php?rest_route=\/wp\/v2\/pages"}],"about":[{"href":"https:\/\/eomed.org\/index.php?rest_route=\/wp\/v2\/types\/page"}],"author":[{"embeddable":true,"href":"https:\/\/eomed.org\/index.php?rest_route=\/wp\/v2\/users\/1"}],"replies":[{"embeddable":true,"href":"https:\/\/eomed.org\/index.php?rest_route=%2Fwp%2Fv2%2Fcomments&post=1239"}],"version-history":[{"count":2,"href":"https:\/\/eomed.org\/index.php?rest_route=\/wp\/v2\/pages\/1239\/revisions"}],"predecessor-version":[{"id":1511,"href":"https:\/\/eomed.org\/index.php?rest_route=\/wp\/v2\/pages\/1239\/revisions\/1511"}],"up":[{"embeddable":true,"href":"https:\/\/eomed.org\/index.php?rest_route=\/wp\/v2\/pages\/1222"}],"wp:attachment":[{"href":"https:\/\/eomed.org\/index.php?rest_route=%2Fwp%2Fv2%2Fmedia&parent=1239"}],"curies":[{"name":"wp","href":"https:\/\/api.w.org\/{rel}","templated":true}]}}