{"id":1243,"date":"2020-09-22T10:00:17","date_gmt":"2020-09-22T10:00:17","guid":{"rendered":"https:\/\/eomed.org\/?page_id=1243"},"modified":"2021-12-12T11:48:56","modified_gmt":"2021-12-12T10:48:56","slug":"sustainable-developement-and-environment","status":"publish","type":"page","link":"https:\/\/eomed.org\/?page_id=1243","title":{"rendered":"Sustainable developement and Environment"},"content":{"rendered":"\n<h2 class=\"wp-block-heading\">Introduction<\/h2>\n\n\n\n<p>The Environment and Sustainable Development Thematic Community held its first meeting on 19 and 20 May 2011 in Montpellier, France. It gathered all the activities related to the use of digital tools in the field of environment, sustainable development and geomatics.<\/p>\n\n\n\n<h2 class=\"wp-block-heading\">Contact<\/h2>\n\n\n\n<ul class=\"wp-block-list\"><li>Elise Montet \u2013 Institut de recherche pour le d\u00e9veloppement : <a href=\"mailto:elise.montet@ird.fr\">elise.montet@ird.fr<\/a><\/li><\/ul>\n\n\n\n<h2 class=\"wp-block-heading\">On line documents<\/h2>\n\n\n\n<ul class=\"wp-block-list\"><li>Partnership with Ecole Nationale Sup\u00e9rieure de G\u00e9ographie in the field of Geomatics (link&nbsp;:&nbsp;<a rel=\"noreferrer noopener\" href=\"http:\/\/www.ensg.eu\/Certificat-Superieur-Geomatique-et-Applications-CSGA\" target=\"_blank\">http:\/\/www.ensg.eu\/Certificat-Superieur-Geomatique-et-Applications-CSGA<\/a>)<\/li><\/ul>\n","protected":false},"excerpt":{"rendered":"<p>Introduction The Environment and Sustainable Development Thematic Community held its first meeting on 19 and 20 May 2011 in Montpellier, France. It gathered all the activities related to the use of digital tools in the field of environment, sustainable development and geomatics. Contact Elise Montet \u2013 Institut de recherche pour le d\u00e9veloppement : elise.montet@ird.fr On &hellip; <\/p>\n<p class=\"link-more\"><a href=\"https:\/\/eomed.org\/?page_id=1243\" class=\"more-link\">Continuer la lecture <span class=\"screen-reader-text\"> \u00ab\u00a0Sustainable developement and Environment\u00a0\u00bb<\/span><\/a><\/p>\n","protected":false},"author":1,"featured_media":0,"parent":1222,"menu_order":2,"comment_status":"closed","ping_status":"closed","template":"","meta":{"_acf_changed":false,"advgb_blocks_editor_width":"","advgb_blocks_columns_visual_guide":"","footnotes":""},"class_list":["post-1243","page","type-page","status-publish","hentry","entry"],"acf":[],"featured_image_src":null,"coauthors":[],"author_meta":{"author_link":"https:\/\/eomed.org\/?author=1","display_name":"admin"},"relative_dates":{"created":"Publi\u00e9 6 ans il y a","modified":"Mis \u00e0 jour 4 ans il y a"},"absolute_dates":{"created":"Publi\u00e9 le septembre 22, 2020","modified":"Mise \u00e0 jour le d\u00e9cembre 12, 2021"},"absolute_dates_time":{"created":"Publi\u00e9 le septembre 22, 2020 10:00 am","modified":"Mise \u00e0 jour le d\u00e9cembre 12, 2021 11:48 am"},"featured_img_caption":"","featured_img":false,"series_order":"","_links":{"self":[{"href":"https:\/\/eomed.org\/index.php?rest_route=\/wp\/v2\/pages\/1243","targetHints":{"allow":["GET"]}}],"collection":[{"href":"https:\/\/eomed.org\/index.php?rest_route=\/wp\/v2\/pages"}],"about":[{"href":"https:\/\/eomed.org\/index.php?rest_route=\/wp\/v2\/types\/page"}],"author":[{"embeddable":true,"href":"https:\/\/eomed.org\/index.php?rest_route=\/wp\/v2\/users\/1"}],"replies":[{"embeddable":true,"href":"https:\/\/eomed.org\/index.php?rest_route=%2Fwp%2Fv2%2Fcomments&post=1243"}],"version-history":[{"count":5,"href":"https:\/\/eomed.org\/index.php?rest_route=\/wp\/v2\/pages\/1243\/revisions"}],"predecessor-version":[{"id":1542,"href":"https:\/\/eomed.org\/index.php?rest_route=\/wp\/v2\/pages\/1243\/revisions\/1542"}],"up":[{"embeddable":true,"href":"https:\/\/eomed.org\/index.php?rest_route=\/wp\/v2\/pages\/1222"}],"wp:attachment":[{"href":"https:\/\/eomed.org\/index.php?rest_route=%2Fwp%2Fv2%2Fmedia&parent=1243"}],"curies":[{"name":"wp","href":"https:\/\/api.w.org\/{rel}","templated":true}]}}