{"id":1264,"date":"2020-09-22T10:24:16","date_gmt":"2020-09-22T10:24:16","guid":{"rendered":"https:\/\/eomed.org\/?page_id=1264"},"modified":"2021-12-12T12:03:17","modified_gmt":"2021-12-12T11:03:17","slug":"linguistics","status":"publish","type":"page","link":"https:\/\/eomed.org\/?page_id=1264","title":{"rendered":"Linguistics"},"content":{"rendered":"\n<h2 class=\"wp-block-heading\">Introduction<\/h2>\n\n\n\n<p><\/p>\n\n\n\n<p>This new community aims to develop language teaching resources, by participating in the production of digital tools and by building the teachers expertise to design distant learning e-modules. The first project launched by this Thematic Community is the production of a module entitled \u201cTeaching Arabic to Non Native Speakers\u201d.<\/p>\n\n\n\n<h2 class=\"wp-block-heading\">Contact<\/h2>\n\n\n\n<p><\/p>\n\n\n\n<ul class=\"wp-block-list\"><li>Imad Hodali \u2013 Al Quds Open University \u2013\u00a0email:\u00a0<a href=\"mailto:ihodali@qou.edu\">ihodali@qou.edu<\/a><\/li><\/ul>\n\n\n\n<p><\/p>\n\n\n\n<h2 class=\"wp-block-heading\">On line documents<\/h2>\n\n\n\n<p><\/p>\n\n\n\n<ul class=\"wp-block-list\"><li><em>Teaching Arabic to Non Native Speakers<\/em>\u00a0(link\u00a0:\u00a0<a rel=\"noreferrer noopener\" href=\"https:\/\/cec.qou.edu\/en\/implemented-projects\/\" target=\"_blank\">https:\/\/cec.qou.edu\/en\/implemented-projects\/)<\/a><\/li><\/ul>\n","protected":false},"excerpt":{"rendered":"<p>Introduction This new community aims to develop language teaching resources, by participating in the production of digital tools and by building the teachers expertise to design distant learning e-modules. The first project launched by this Thematic Community is the production of a module entitled \u201cTeaching Arabic to Non Native Speakers\u201d. Contact Imad Hodali \u2013 Al &hellip; <\/p>\n<p class=\"link-more\"><a href=\"https:\/\/eomed.org\/?page_id=1264\" class=\"more-link\">Continuer la lecture <span class=\"screen-reader-text\"> \u00ab\u00a0Linguistics\u00a0\u00bb<\/span><\/a><\/p>\n","protected":false},"author":1,"featured_media":0,"parent":1222,"menu_order":6,"comment_status":"closed","ping_status":"closed","template":"","meta":{"_acf_changed":false,"advgb_blocks_editor_width":"","advgb_blocks_columns_visual_guide":"","footnotes":""},"class_list":["post-1264","page","type-page","status-publish","hentry","entry"],"acf":[],"featured_image_src":null,"coauthors":[],"author_meta":{"author_link":"https:\/\/eomed.org\/?author=1","display_name":"admin"},"relative_dates":{"created":"Publi\u00e9 6 ans il y a","modified":"Mis \u00e0 jour 4 ans il y a"},"absolute_dates":{"created":"Publi\u00e9 le septembre 22, 2020","modified":"Mise \u00e0 jour le d\u00e9cembre 12, 2021"},"absolute_dates_time":{"created":"Publi\u00e9 le septembre 22, 2020 10:24 am","modified":"Mise \u00e0 jour le d\u00e9cembre 12, 2021 12:03 pm"},"featured_img_caption":"","featured_img":false,"series_order":"","_links":{"self":[{"href":"https:\/\/eomed.org\/index.php?rest_route=\/wp\/v2\/pages\/1264","targetHints":{"allow":["GET"]}}],"collection":[{"href":"https:\/\/eomed.org\/index.php?rest_route=\/wp\/v2\/pages"}],"about":[{"href":"https:\/\/eomed.org\/index.php?rest_route=\/wp\/v2\/types\/page"}],"author":[{"embeddable":true,"href":"https:\/\/eomed.org\/index.php?rest_route=\/wp\/v2\/users\/1"}],"replies":[{"embeddable":true,"href":"https:\/\/eomed.org\/index.php?rest_route=%2Fwp%2Fv2%2Fcomments&post=1264"}],"version-history":[{"count":3,"href":"https:\/\/eomed.org\/index.php?rest_route=\/wp\/v2\/pages\/1264\/revisions"}],"predecessor-version":[{"id":1550,"href":"https:\/\/eomed.org\/index.php?rest_route=\/wp\/v2\/pages\/1264\/revisions\/1550"}],"up":[{"embeddable":true,"href":"https:\/\/eomed.org\/index.php?rest_route=\/wp\/v2\/pages\/1222"}],"wp:attachment":[{"href":"https:\/\/eomed.org\/index.php?rest_route=%2Fwp%2Fv2%2Fmedia&parent=1264"}],"curies":[{"name":"wp","href":"https:\/\/api.w.org\/{rel}","templated":true}]}}