{"id":1427,"date":"2020-10-17T06:54:34","date_gmt":"2020-10-17T06:54:34","guid":{"rendered":"https:\/\/eomed.org\/?page_id=1427"},"modified":"2021-12-12T12:09:28","modified_gmt":"2021-12-12T11:09:28","slug":"projects-financed-by-external-funds","status":"publish","type":"page","link":"https:\/\/eomed.org\/?page_id=1427","title":{"rendered":"Projects financed by external funds"},"content":{"rendered":"\n<p>Since 2016, e-OMED has encouraged its member to participate, as experts in the field of e-learning and ITCs, to projects funded by international institutions. <\/p>\n\n\n<div class=\"wp-block-ub-content-toggle wp-block-ub-content-toggle-block\" id=\"ub-content-toggle-block-727ae29a-0f21-439f-b079-9971a3a39c9e\" data-mobilecollapse=\"false\" data-desktopcollapse=\"true\" data-preventcollapse=\"false\" data-showonlyone=\"false\">\n<div class=\"wp-block-ub-content-toggle-accordion\" style=\"border-color: #f1f1f1;\" id=\"ub-content-toggle-panel-block-\">\n\t\t\t<div class=\"wp-block-ub-content-toggle-accordion-title-wrap\" style=\"background-color: #f1f1f1;\" aria-controls=\"ub-content-toggle-panel-0-727ae29a-0f21-439f-b079-9971a3a39c9e\" tabindex=\"0\">\n\t\t\t<p class=\"wp-block-ub-content-toggle-accordion-title ub-content-toggle-title-727ae29a-0f21-439f-b079-9971a3a39c9e\" style=\"color: #000000; \">COLISEE (2014-2017)<\/p>\n\t\t\t<div class=\"wp-block-ub-content-toggle-accordion-toggle-wrap right\" style=\"color: #000000;\"><span class=\"wp-block-ub-content-toggle-accordion-state-indicator wp-block-ub-chevron-down\"><\/span><\/div>\n\t\t<\/div>\n\t\t\t<div role=\"region\" aria-expanded=\"false\" class=\"wp-block-ub-content-toggle-accordion-content-wrap ub-hide\" id=\"ub-content-toggle-panel-0-727ae29a-0f21-439f-b079-9971a3a39c9e\">\n\n<p><strong>Thematic:<\/strong>\u00a0Linguistic, Intercultural and Entrepreneurial Competences Serving Businesses in Europe<\/p>\n\n\n\n<p><strong>Source of funds:<\/strong>\u00a0EACEA \u2013EU\/ Erasmus+<br><strong>Coordinator:<\/strong>\u00a0Alain Carlo, Universit\u00e9 de Montpellier (F)<br><strong>Partners:<\/strong>\u00a0UNIVERSITAT DE LES ILLES BALEARS (ES), UNIVERSIDAD NACIONAL DE EDUCACION (ES) ; ASSOCIATION INTERNATIONALE ESPACE NUMERIQUE OUVERT POUR LA MEDITERRANEE (F), UNIVERSITE MONTPELLIER I (F), UNIVERSITE MONTPELLIER III PAUL VALERY (F), HELLENIC OPEN UNIVERSITY (GR), UNIVERSITA PER STRANIERI DI PERUGIA (I), UNIVERSITY OF SOUTHAMPTON (UK), LINKOPINGS UNIVERSITET (SE)<br>e-OMED contribution: training and partners technical support for the conception of on-line courses<br><strong>Link to the resources:<\/strong>\u00a0(links to <a rel=\"noreferrer noopener\" aria-label=\"doc#y (opens in a new tab)\" href=\"https:\/\/eomed.org\/wp-content\/uploads\/2020\/10\/Brochure-COLISEE_docy.pdf\" target=\"_blank\">doc#y<\/a> and <a href=\"https:\/\/eomed.org\/wp-content\/uploads\/2020\/10\/COLISEE_Final_Report_docz.pdf\" target=\"_blank\" rel=\"noreferrer noopener\" aria-label=\"doc#z (opens in a new tab)\">doc#z<\/a>)<\/p>\n\n<\/div>\n\t\t<\/div>\n\n<div class=\"wp-block-ub-content-toggle-accordion\" style=\"border-color: #f1f1f1;\" id=\"ub-content-toggle-panel-block-\">\n\t\t\t<div class=\"wp-block-ub-content-toggle-accordion-title-wrap\" style=\"background-color: #f1f1f1;\" aria-controls=\"ub-content-toggle-panel-1-727ae29a-0f21-439f-b079-9971a3a39c9e\" tabindex=\"0\">\n\t\t\t<p class=\"wp-block-ub-content-toggle-accordion-title ub-content-toggle-title-727ae29a-0f21-439f-b079-9971a3a39c9e\" style=\"color: #000000; \">MAREMA (2017-2020)<\/p>\n\t\t\t<div class=\"wp-block-ub-content-toggle-accordion-toggle-wrap right\" style=\"color: #000000;\"><span class=\"wp-block-ub-content-toggle-accordion-state-indicator wp-block-ub-chevron-down\"><\/span><\/div>\n\t\t<\/div>\n\t\t\t<div role=\"region\" aria-expanded=\"false\" class=\"wp-block-ub-content-toggle-accordion-content-wrap ub-hide\" id=\"ub-content-toggle-panel-1-727ae29a-0f21-439f-b079-9971a3a39c9e\">\n\n<p><strong>Thematic:<\/strong>\u00a0Master Water Resources and Environmental Risks in African Metropolises<br><strong>Source of funds<\/strong>: EACEA \u2013EU\/ Erasmus+<br><strong>Coordinator:<\/strong>\u00a0Val\u00e9rie Borell, Universit\u00e9 de Montpellier (F)<br><strong>Partners:<\/strong>\u00a0Institut de Recherche pour le D\u00e9veloppement (F), Universit\u00e9 Grenoble Alpes (F),: Universit\u00e9 Catholique de Louvain (B), Universitat de Barcelona (ES), Universit\u00e9 de Yaound\u00e9 I (CM), Universit\u00e9 de Ngound\u00e9r\u00e9 (CM), Institut national Polytechnique F\u00e9lix Houphou\u00ebt-Boigny (CI), Universit\u00e9 Nangui Abrogoua (CI), Universit\u00e9 Abomey Calavi (BJ), Agence Universitaire de la Francophonie, e-OMED<br>e-OMED contribution: training and partners technical support for the conception of on-line courses<br><strong>Link to the resources:<\/strong>\u00a0<a href=\"http:\/\/www.marema.org\/\" target=\"_blank\" rel=\"noreferrer noopener\" aria-label=\"http:\/\/www.marema.org\/  (opens in a new tab)\">http:\/\/www.marema.org\/ <\/a><\/p>\n\n<\/div>\n\t\t<\/div>\n\n<div class=\"wp-block-ub-content-toggle-accordion\" style=\"border-color: #f1f1f1;\" id=\"ub-content-toggle-panel-block-\">\n\t\t\t<div class=\"wp-block-ub-content-toggle-accordion-title-wrap\" style=\"background-color: #f1f1f1;\" aria-controls=\"ub-content-toggle-panel-2-727ae29a-0f21-439f-b079-9971a3a39c9e\" tabindex=\"0\">\n\t\t\t<p class=\"wp-block-ub-content-toggle-accordion-title ub-content-toggle-title-727ae29a-0f21-439f-b079-9971a3a39c9e\" style=\"color: #000000; \">REFRER R\u00e9seau Francophone de Ressources Educatives R\u00e9utilisables (2013-2014)<\/p>\n\t\t\t<div class=\"wp-block-ub-content-toggle-accordion-toggle-wrap right\" style=\"color: #000000;\"><span class=\"wp-block-ub-content-toggle-accordion-state-indicator wp-block-ub-chevron-down\"><\/span><\/div>\n\t\t<\/div>\n\t\t\t<div role=\"region\" aria-expanded=\"false\" class=\"wp-block-ub-content-toggle-accordion-content-wrap ub-hide\" id=\"ub-content-toggle-panel-2-727ae29a-0f21-439f-b079-9971a3a39c9e\">\n\n<p><strong>Thematic:<\/strong>\u00a0ITC pedagogy<br><strong>Source of funds:<\/strong>\u00a0Organisation Internationale de la Francophonie<br><strong>Coordinator:<\/strong>\u00a0Universit\u00e9 T\u00c9LUQ (CA)<br><strong>Partners:<\/strong>\u00a0Vitrine Technologique-Education du Coll\u00e8ge de Bois-de-Boulogne (CA), Universit\u00e9 num\u00e9rique ing\u00e9nierie et technologie (F), Universit\u00e9 Virtuelle de Tunis (TN), Ecole Sup\u00e9rieure de Technologie de F\u00e8s (MA), Ecole Sup\u00e9rieure de Technologie de Sal\u00e9 (MA), Ecole Mohammadia d&rsquo;Ing\u00e9nieurs (MA).<\/p>\n\n\n\n<p><strong>e-OMED contribution:<\/strong>\u00a0coordination of the four southern partners<\/p>\n\n\n\n<p><strong>Link to the resources:<\/strong>\u00a0<a href=\"http:\/\/www.refrer.licef.ca\" target=\"_blank\" rel=\"noreferrer noopener\" aria-label=\"www.refrer.licef.ca (opens in a new tab)\">www.refrer.licef.ca<\/a><\/p>\n\n<\/div>\n\t\t<\/div>\n<\/div>","protected":false},"excerpt":{"rendered":"<p>Since 2016, e-OMED has encouraged its member to participate, as experts in the field of e-learning and ITCs, to projects funded by international institutions.<\/p>\n","protected":false},"author":1,"featured_media":0,"parent":1005,"menu_order":3,"comment_status":"closed","ping_status":"closed","template":"","meta":{"_acf_changed":false,"advgb_blocks_editor_width":"","advgb_blocks_columns_visual_guide":"","footnotes":""},"class_list":["post-1427","page","type-page","status-publish","hentry","entry"],"acf":[],"featured_image_src":null,"coauthors":[],"author_meta":{"author_link":"https:\/\/eomed.org\/?author=1","display_name":"admin"},"relative_dates":{"created":"Publi\u00e9 6 ans il y a","modified":"Mis \u00e0 jour 4 ans il y a"},"absolute_dates":{"created":"Publi\u00e9 le octobre 17, 2020","modified":"Mise \u00e0 jour le d\u00e9cembre 12, 2021"},"absolute_dates_time":{"created":"Publi\u00e9 le octobre 17, 2020 6:54 am","modified":"Mise \u00e0 jour le d\u00e9cembre 12, 2021 12:09 pm"},"featured_img_caption":"","featured_img":false,"series_order":"","_links":{"self":[{"href":"https:\/\/eomed.org\/index.php?rest_route=\/wp\/v2\/pages\/1427","targetHints":{"allow":["GET"]}}],"collection":[{"href":"https:\/\/eomed.org\/index.php?rest_route=\/wp\/v2\/pages"}],"about":[{"href":"https:\/\/eomed.org\/index.php?rest_route=\/wp\/v2\/types\/page"}],"author":[{"embeddable":true,"href":"https:\/\/eomed.org\/index.php?rest_route=\/wp\/v2\/users\/1"}],"replies":[{"embeddable":true,"href":"https:\/\/eomed.org\/index.php?rest_route=%2Fwp%2Fv2%2Fcomments&post=1427"}],"version-history":[{"count":16,"href":"https:\/\/eomed.org\/index.php?rest_route=\/wp\/v2\/pages\/1427\/revisions"}],"predecessor-version":[{"id":1552,"href":"https:\/\/eomed.org\/index.php?rest_route=\/wp\/v2\/pages\/1427\/revisions\/1552"}],"up":[{"embeddable":true,"href":"https:\/\/eomed.org\/index.php?rest_route=\/wp\/v2\/pages\/1005"}],"wp:attachment":[{"href":"https:\/\/eomed.org\/index.php?rest_route=%2Fwp%2Fv2%2Fmedia&parent=1427"}],"curies":[{"name":"wp","href":"https:\/\/api.w.org\/{rel}","templated":true}]}}