{"id":1442,"date":"2020-10-17T07:55:35","date_gmt":"2020-10-17T07:55:35","guid":{"rendered":"https:\/\/eomed.org\/?page_id=1442"},"modified":"2021-12-12T12:10:16","modified_gmt":"2021-12-12T11:10:16","slug":"publications","status":"publish","type":"page","link":"https:\/\/eomed.org\/?page_id=1442","title":{"rendered":"Publications"},"content":{"rendered":"<div class=\"wp-block-ub-content-toggle wp-block-ub-content-toggle-block\" id=\"ub-content-toggle-block-69f84e08-0a1b-4766-9110-70f6128c4691\" data-mobilecollapse=\"false\" data-desktopcollapse=\"false\" data-preventcollapse=\"false\" data-showonlyone=\"false\">\n<div class=\"wp-block-ub-content-toggle-accordion\" style=\"border-color: #f1f1f1;\" id=\"ub-content-toggle-panel-block-\">\n\t\t\t<div class=\"wp-block-ub-content-toggle-accordion-title-wrap\" style=\"background-color: #f1f1f1;\" aria-controls=\"ub-content-toggle-panel-0-69f84e08-0a1b-4766-9110-70f6128c4691\" tabindex=\"0\">\n\t\t\t<p class=\"wp-block-ub-content-toggle-accordion-title ub-content-toggle-title-69f84e08-0a1b-4766-9110-70f6128c4691\" style=\"color: #000000; \">Law and Digital Technology: Law Faced with the Digital Transformation of Society<\/p>\n\t\t\t<div class=\"wp-block-ub-content-toggle-accordion-toggle-wrap right\" style=\"color: #000000;\"><span class=\"wp-block-ub-content-toggle-accordion-state-indicator wp-block-ub-chevron-down open\"><\/span><\/div>\n\t\t<\/div>\n\t\t\t<div role=\"region\" aria-expanded=\"true\" class=\"wp-block-ub-content-toggle-accordion-content-wrap\" id=\"ub-content-toggle-panel-0-69f84e08-0a1b-4766-9110-70f6128c4691\">\n\n<p><strong>Thematic Committee:<\/strong>\u00a0Law<br><strong>Scientific Editors:<\/strong>\u00a0Catherine Barreau (Universit\u00e9 de Rennes 1, France) and Najoua Djerad (Universit\u00e9 la Manouba, Tunisie)<br><strong>Editor :<\/strong><br><strong>ISBN :<\/strong><br><strong>Link to the resources:<\/strong>\u00a0(link to <a href=\"https:\/\/eomed.org\/wp-content\/uploads\/2020\/10\/actes-colloque-2017_docx.pdf\" target=\"_blank\" rel=\"noreferrer noopener\" aria-label=\"doc#x (opens in a new tab)\">doc#x<\/a>) <\/p>\n\n<\/div>\n\t\t<\/div>\n<\/div>","protected":false},"excerpt":{"rendered":"","protected":false},"author":1,"featured_media":0,"parent":1005,"menu_order":4,"comment_status":"closed","ping_status":"closed","template":"","meta":{"_acf_changed":false,"advgb_blocks_editor_width":"","advgb_blocks_columns_visual_guide":"","footnotes":""},"class_list":["post-1442","page","type-page","status-publish","hentry","entry"],"acf":[],"featured_image_src":null,"coauthors":[],"author_meta":{"author_link":"https:\/\/eomed.org\/?author=1","display_name":"admin"},"relative_dates":{"created":"Publi\u00e9 6 ans il y a","modified":"Mis \u00e0 jour 4 ans il y a"},"absolute_dates":{"created":"Publi\u00e9 le octobre 17, 2020","modified":"Mise \u00e0 jour le d\u00e9cembre 12, 2021"},"absolute_dates_time":{"created":"Publi\u00e9 le octobre 17, 2020 7:55 am","modified":"Mise \u00e0 jour le d\u00e9cembre 12, 2021 12:10 pm"},"featured_img_caption":"","featured_img":false,"series_order":"","_links":{"self":[{"href":"https:\/\/eomed.org\/index.php?rest_route=\/wp\/v2\/pages\/1442","targetHints":{"allow":["GET"]}}],"collection":[{"href":"https:\/\/eomed.org\/index.php?rest_route=\/wp\/v2\/pages"}],"about":[{"href":"https:\/\/eomed.org\/index.php?rest_route=\/wp\/v2\/types\/page"}],"author":[{"embeddable":true,"href":"https:\/\/eomed.org\/index.php?rest_route=\/wp\/v2\/users\/1"}],"replies":[{"embeddable":true,"href":"https:\/\/eomed.org\/index.php?rest_route=%2Fwp%2Fv2%2Fcomments&post=1442"}],"version-history":[{"count":2,"href":"https:\/\/eomed.org\/index.php?rest_route=\/wp\/v2\/pages\/1442\/revisions"}],"predecessor-version":[{"id":1553,"href":"https:\/\/eomed.org\/index.php?rest_route=\/wp\/v2\/pages\/1442\/revisions\/1553"}],"up":[{"embeddable":true,"href":"https:\/\/eomed.org\/index.php?rest_route=\/wp\/v2\/pages\/1005"}],"wp:attachment":[{"href":"https:\/\/eomed.org\/index.php?rest_route=%2Fwp%2Fv2%2Fmedia&parent=1442"}],"curies":[{"name":"wp","href":"https:\/\/api.w.org\/{rel}","templated":true}]}}