{"id":1493,"date":"2021-12-09T00:50:07","date_gmt":"2021-12-08T23:50:07","guid":{"rendered":"https:\/\/eomed.org\/?page_id=1493"},"modified":"2021-12-12T12:49:17","modified_gmt":"2021-12-12T11:49:17","slug":"partners","status":"publish","type":"page","link":"https:\/\/eomed.org\/?page_id=1493","title":{"rendered":"Partners"},"content":{"rendered":"\n<div class=\"wp-block-columns is-layout-flex wp-container-core-columns-is-layout-9d6595d7 wp-block-columns-is-layout-flex\">\n<div class=\"wp-block-column is-layout-flow wp-block-column-is-layout-flow\">\n<figure class=\"wp-block-image size-full\"><img loading=\"lazy\" decoding=\"async\" width=\"369\" height=\"136\" src=\"https:\/\/eomed.org\/wp-content\/uploads\/2021\/12\/usmb.png\" alt=\"\" class=\"wp-image-1494\" srcset=\"https:\/\/eomed.org\/wp-content\/uploads\/2021\/12\/usmb.png 369w, https:\/\/eomed.org\/wp-content\/uploads\/2021\/12\/usmb-300x111.png 300w\" sizes=\"auto, (max-width: 369px) 100vw, 369px\" \/><\/figure>\n<\/div>\n\n\n\n<div class=\"wp-block-column is-layout-flow wp-block-column-is-layout-flow\">\n<figure class=\"wp-block-image size-full is-resized\"><img loading=\"lazy\" decoding=\"async\" src=\"https:\/\/eomed.org\/wp-content\/uploads\/2021\/12\/LogoUvs.jpg\" alt=\"\" class=\"wp-image-1495\" width=\"261\" height=\"171\"\/><\/figure>\n<\/div>\n<\/div>\n\n\n\n<figure class=\"wp-block-image size-full is-resized\"><img loading=\"lazy\" decoding=\"async\" src=\"https:\/\/eomed.org\/wp-content\/uploads\/2021\/12\/logo-insa.jpg\" alt=\"\" class=\"wp-image-1496\" width=\"684\" height=\"148\"\/><\/figure>\n\n\n\n<figure class=\"wp-block-image size-full\"><img loading=\"lazy\" decoding=\"async\" width=\"650\" height=\"174\" src=\"https:\/\/eomed.org\/wp-content\/uploads\/2021\/12\/UNINETTUNO_LOGO_1.jpg\" alt=\"\" class=\"wp-image-1554\" srcset=\"https:\/\/eomed.org\/wp-content\/uploads\/2021\/12\/UNINETTUNO_LOGO_1.jpg 650w, https:\/\/eomed.org\/wp-content\/uploads\/2021\/12\/UNINETTUNO_LOGO_1-300x80.jpg 300w\" sizes=\"auto, (max-width: 650px) 100vw, 650px\" \/><\/figure>\n","protected":false},"excerpt":{"rendered":"","protected":false},"author":1,"featured_media":0,"parent":1005,"menu_order":9,"comment_status":"closed","ping_status":"closed","template":"","meta":{"_acf_changed":false,"advgb_blocks_editor_width":"","advgb_blocks_columns_visual_guide":"","footnotes":""},"class_list":["post-1493","page","type-page","status-publish","hentry","entry"],"acf":[],"featured_image_src":null,"coauthors":[],"author_meta":{"author_link":"https:\/\/eomed.org\/?author=1","display_name":"admin"},"relative_dates":{"created":"Publi\u00e9 4 ans il y a","modified":"Mis \u00e0 jour 4 ans il y a"},"absolute_dates":{"created":"Publi\u00e9 le d\u00e9cembre 9, 2021","modified":"Mise \u00e0 jour le d\u00e9cembre 12, 2021"},"absolute_dates_time":{"created":"Publi\u00e9 le d\u00e9cembre 9, 2021 12:50 am","modified":"Mise \u00e0 jour le d\u00e9cembre 12, 2021 12:49 pm"},"featured_img_caption":"","featured_img":false,"series_order":"","_links":{"self":[{"href":"https:\/\/eomed.org\/index.php?rest_route=\/wp\/v2\/pages\/1493","targetHints":{"allow":["GET"]}}],"collection":[{"href":"https:\/\/eomed.org\/index.php?rest_route=\/wp\/v2\/pages"}],"about":[{"href":"https:\/\/eomed.org\/index.php?rest_route=\/wp\/v2\/types\/page"}],"author":[{"embeddable":true,"href":"https:\/\/eomed.org\/index.php?rest_route=\/wp\/v2\/users\/1"}],"replies":[{"embeddable":true,"href":"https:\/\/eomed.org\/index.php?rest_route=%2Fwp%2Fv2%2Fcomments&post=1493"}],"version-history":[{"count":2,"href":"https:\/\/eomed.org\/index.php?rest_route=\/wp\/v2\/pages\/1493\/revisions"}],"predecessor-version":[{"id":1556,"href":"https:\/\/eomed.org\/index.php?rest_route=\/wp\/v2\/pages\/1493\/revisions\/1556"}],"up":[{"embeddable":true,"href":"https:\/\/eomed.org\/index.php?rest_route=\/wp\/v2\/pages\/1005"}],"wp:attachment":[{"href":"https:\/\/eomed.org\/index.php?rest_route=%2Fwp%2Fv2%2Fmedia&parent=1493"}],"curies":[{"name":"wp","href":"https:\/\/api.w.org\/{rel}","templated":true}]}}